{"id":2319,"date":"2021-10-20T22:28:43","date_gmt":"2021-10-20T20:28:43","guid":{"rendered":"http:\/\/suryn.pl\/?page_id=2319"},"modified":"2021-10-21T20:09:59","modified_gmt":"2021-10-21T18:09:59","slug":"2319-2","status":"publish","type":"page","link":"http:\/\/suryn.pl\/index.php\/2319-2\/","title":{"rendered":""},"content":{"rendered":"\n<p><\/p>\n\n\n\n<h2 class=\"wp-block-heading\"><strong>T<\/strong>ropi\u0142em dzika<\/h2>\n\n\n\n<h2 class=\"wp-block-heading\">podgl\u0105da\u0142em bobry<\/h2>\n\n\n\n<h2 class=\"wp-block-heading\">rozdwojony oczekiwa\u0142em zimy<\/h2>\n\n\n\n<h2 class=\"wp-block-heading\">jak zbawienia<\/h2>\n\n\n\n<h2 class=\"wp-block-heading\">jej biel mia\u0142a wyja\u015bni\u0107 mi siebie<\/h2>\n\n\n\n<h2 class=\"wp-block-heading\">i oczy\u015bci\u0107 \u015bwiat<\/h2>\n\n\n\n<h2 class=\"wp-block-heading\">je\u015bli jeszcze tego wart<\/h2>\n\n\n\n<h2 class=\"wp-block-heading\">Rzadki w tych stronach po\u0142udniowy wiatr<\/h2>\n\n\n\n<h2 class=\"wp-block-heading\">ni\u00f3s\u0142 szale\u0144stwo i obietnic\u0119<\/h2>\n\n\n\n<h2 class=\"wp-block-heading\">ukryty w lesie stawa\u0142em si\u0119 niewidzialny<\/h2>\n\n\n\n<h2 class=\"wp-block-heading\">drogi krzy\u017cowa\u0142y si\u0119<\/h2>\n\n\n\n<h2 class=\"wp-block-heading\">lecz nie dla mnie<\/h2>\n\n\n\n<div style=\"height:100px\" aria-hidden=\"true\" class=\"wp-block-spacer\"><\/div>\n\n\n\n<p class=\"has-text-align-right\"><a href=\"http:\/\/suryn.pl\/index.php\/wiersze-wszystkie\/\">Wszystkie wiersze<\/a><\/p>\n","protected":false},"excerpt":{"rendered":"<p>Tropi\u0142em dzika podgl\u0105da\u0142em bobry rozdwojony oczekiwa\u0142em zimy jak zbawienia jej biel mia\u0142a wyja\u015bni\u0107 mi siebie i oczy\u015bci\u0107 \u015bwiat je\u015bli jeszcze tego wart Rzadki w tych stronach po\u0142udniowy wiatr ni\u00f3s\u0142 szale\u0144stwo i obietnic\u0119 ukryty w lesie stawa\u0142em si\u0119 niewidzialny drogi krzy\u017cowa\u0142y si\u0119 lecz nie dla mnie Wszystkie wiersze<\/p>\n","protected":false},"author":1,"featured_media":0,"parent":0,"menu_order":0,"comment_status":"closed","ping_status":"closed","template":"","meta":{"footnotes":""},"class_list":["post-2319","page","type-page","status-publish","hentry"],"_links":{"self":[{"href":"http:\/\/suryn.pl\/index.php\/wp-json\/wp\/v2\/pages\/2319","targetHints":{"allow":["GET"]}}],"collection":[{"href":"http:\/\/suryn.pl\/index.php\/wp-json\/wp\/v2\/pages"}],"about":[{"href":"http:\/\/suryn.pl\/index.php\/wp-json\/wp\/v2\/types\/page"}],"author":[{"embeddable":true,"href":"http:\/\/suryn.pl\/index.php\/wp-json\/wp\/v2\/users\/1"}],"replies":[{"embeddable":true,"href":"http:\/\/suryn.pl\/index.php\/wp-json\/wp\/v2\/comments?post=2319"}],"version-history":[{"count":2,"href":"http:\/\/suryn.pl\/index.php\/wp-json\/wp\/v2\/pages\/2319\/revisions"}],"predecessor-version":[{"id":2730,"href":"http:\/\/suryn.pl\/index.php\/wp-json\/wp\/v2\/pages\/2319\/revisions\/2730"}],"wp:attachment":[{"href":"http:\/\/suryn.pl\/index.php\/wp-json\/wp\/v2\/media?parent=2319"}],"curies":[{"name":"wp","href":"https:\/\/api.w.org\/{rel}","templated":true}]}}