{"id":2316,"date":"2021-10-20T22:27:40","date_gmt":"2021-10-20T20:27:40","guid":{"rendered":"http:\/\/suryn.pl\/?page_id=2316"},"modified":"2021-10-21T20:09:37","modified_gmt":"2021-10-21T18:09:37","slug":"2316-2","status":"publish","type":"page","link":"http:\/\/suryn.pl\/index.php\/2316-2\/","title":{"rendered":""},"content":{"rendered":"\n<p><\/p>\n\n\n\n<p style=\"font-size:24px\"><strong>To\u017csamo\u015b\u0107<\/strong><\/p>\n\n\n\n<h2 class=\"wp-block-heading\">\u015blad ptaka kamienieje<\/h2>\n\n\n\n<h2 class=\"wp-block-heading\">t\u0119sknota umiera z t\u0119sknoty<\/h2>\n\n\n\n<h2 class=\"wp-block-heading\">na zewn\u0105trz armie zach\u0142anne<\/h2>\n\n\n\n<h2 class=\"wp-block-heading\">kary i nagrody dziel\u0105<\/h2>\n\n\n\n<h2 class=\"wp-block-heading\">nie odr\u00f3\u017cnisz pogody<\/h2>\n\n\n\n<h2 class=\"wp-block-heading\">bo nie ma tu nieba<\/h2>\n\n\n\n<h2 class=\"wp-block-heading\">fale twego serca mkn\u0105&nbsp;&nbsp;&nbsp;&nbsp;&nbsp;&nbsp;&nbsp;&nbsp;&nbsp;&nbsp;&nbsp;&nbsp;<\/h2>\n\n\n\n<h2 class=\"wp-block-heading\">dalej i dalej\u2026<\/h2>\n\n\n\n<div style=\"height:100px\" aria-hidden=\"true\" class=\"wp-block-spacer\"><\/div>\n\n\n\n<p class=\"has-text-align-right\"><a href=\"http:\/\/suryn.pl\/index.php\/wiersze-wszystkie\/\">Wszystkie wiersze<\/a><\/p>\n","protected":false},"excerpt":{"rendered":"<p>To\u017csamo\u015b\u0107 \u015blad ptaka kamienieje t\u0119sknota umiera z t\u0119sknoty na zewn\u0105trz armie zach\u0142anne kary i nagrody dziel\u0105 nie odr\u00f3\u017cnisz pogody bo nie ma tu nieba fale twego serca mkn\u0105&nbsp;&nbsp;&nbsp;&nbsp;&nbsp;&nbsp;&nbsp;&nbsp;&nbsp;&nbsp;&nbsp;&nbsp; dalej i dalej\u2026 Wszystkie wiersze<\/p>\n","protected":false},"author":1,"featured_media":0,"parent":0,"menu_order":0,"comment_status":"closed","ping_status":"closed","template":"","meta":{"footnotes":""},"class_list":["post-2316","page","type-page","status-publish","hentry"],"_links":{"self":[{"href":"http:\/\/suryn.pl\/index.php\/wp-json\/wp\/v2\/pages\/2316","targetHints":{"allow":["GET"]}}],"collection":[{"href":"http:\/\/suryn.pl\/index.php\/wp-json\/wp\/v2\/pages"}],"about":[{"href":"http:\/\/suryn.pl\/index.php\/wp-json\/wp\/v2\/types\/page"}],"author":[{"embeddable":true,"href":"http:\/\/suryn.pl\/index.php\/wp-json\/wp\/v2\/users\/1"}],"replies":[{"embeddable":true,"href":"http:\/\/suryn.pl\/index.php\/wp-json\/wp\/v2\/comments?post=2316"}],"version-history":[{"count":2,"href":"http:\/\/suryn.pl\/index.php\/wp-json\/wp\/v2\/pages\/2316\/revisions"}],"predecessor-version":[{"id":2729,"href":"http:\/\/suryn.pl\/index.php\/wp-json\/wp\/v2\/pages\/2316\/revisions\/2729"}],"wp:attachment":[{"href":"http:\/\/suryn.pl\/index.php\/wp-json\/wp\/v2\/media?parent=2316"}],"curies":[{"name":"wp","href":"https:\/\/api.w.org\/{rel}","templated":true}]}}