{"id":2313,"date":"2021-10-20T22:26:26","date_gmt":"2021-10-20T20:26:26","guid":{"rendered":"http:\/\/suryn.pl\/?page_id=2313"},"modified":"2021-10-21T22:41:50","modified_gmt":"2021-10-21T20:41:50","slug":"2313-2","status":"publish","type":"page","link":"http:\/\/suryn.pl\/index.php\/2313-2\/","title":{"rendered":""},"content":{"rendered":"\n<p><\/p>\n\n\n\n<p><em>Stasiowi<\/em><\/p>\n\n\n\n<h2 class=\"wp-block-heading\"><strong>T<\/strong>o tylko sama przestrze\u0144<\/h2>\n\n\n\n<h2 class=\"wp-block-heading\">przestrze\u0144 i pragnienie<\/h2>\n\n\n\n<h2 class=\"wp-block-heading\">reszta to b\u00f3l<\/h2>\n\n\n\n<h2 class=\"wp-block-heading\">on pilnuje twoich granic<\/h2>\n\n\n\n<h2 class=\"wp-block-heading\">ja w sennej dzier\u017cawie<\/h2>\n\n\n\n<h2 class=\"wp-block-heading\">w \u015bwietle zmys\u0142\u00f3w<\/h2>\n\n\n\n<h2 class=\"wp-block-heading\">smakuj\u0119 s\u0142owa \u2013 s\u0105 trwalsze od rzeczy<\/h2>\n\n\n\n<h2 class=\"wp-block-heading\">i kiedy nas ju\u017c nie b\u0119dzie<\/h2>\n\n\n\n<h2 class=\"wp-block-heading\">one wraz z anio\u0142ami pracowa\u0107 b\u0119d\u0105<\/h2>\n\n\n\n<h2 class=\"wp-block-heading\">nad stawaniem si\u0119 \u015bwiata<\/h2>\n\n\n\n<div style=\"height:413px\" aria-hidden=\"true\" class=\"wp-block-spacer\"><\/div>\n\n\n\n<p class=\"has-text-align-right\"><a href=\"http:\/\/suryn.pl\/index.php\/wiersze-wszystkie\/\">Wszystkie wiersze<\/a><\/p>\n","protected":false},"excerpt":{"rendered":"<p>Stasiowi To tylko sama przestrze\u0144 przestrze\u0144 i pragnienie reszta to b\u00f3l on pilnuje twoich granic ja w sennej dzier\u017cawie w \u015bwietle zmys\u0142\u00f3w smakuj\u0119 s\u0142owa \u2013 s\u0105 trwalsze od rzeczy i kiedy nas ju\u017c nie b\u0119dzie one wraz z anio\u0142ami pracowa\u0107 b\u0119d\u0105 nad stawaniem si\u0119 \u015bwiata Wszystkie wiersze<\/p>\n","protected":false},"author":1,"featured_media":0,"parent":0,"menu_order":0,"comment_status":"closed","ping_status":"closed","template":"","meta":{"footnotes":""},"class_list":["post-2313","page","type-page","status-publish","hentry"],"_links":{"self":[{"href":"http:\/\/suryn.pl\/index.php\/wp-json\/wp\/v2\/pages\/2313","targetHints":{"allow":["GET"]}}],"collection":[{"href":"http:\/\/suryn.pl\/index.php\/wp-json\/wp\/v2\/pages"}],"about":[{"href":"http:\/\/suryn.pl\/index.php\/wp-json\/wp\/v2\/types\/page"}],"author":[{"embeddable":true,"href":"http:\/\/suryn.pl\/index.php\/wp-json\/wp\/v2\/users\/1"}],"replies":[{"embeddable":true,"href":"http:\/\/suryn.pl\/index.php\/wp-json\/wp\/v2\/comments?post=2313"}],"version-history":[{"count":3,"href":"http:\/\/suryn.pl\/index.php\/wp-json\/wp\/v2\/pages\/2313\/revisions"}],"predecessor-version":[{"id":2782,"href":"http:\/\/suryn.pl\/index.php\/wp-json\/wp\/v2\/pages\/2313\/revisions\/2782"}],"wp:attachment":[{"href":"http:\/\/suryn.pl\/index.php\/wp-json\/wp\/v2\/media?parent=2313"}],"curies":[{"name":"wp","href":"https:\/\/api.w.org\/{rel}","templated":true}]}}