{"id":2310,"date":"2021-10-20T22:25:25","date_gmt":"2021-10-20T20:25:25","guid":{"rendered":"http:\/\/suryn.pl\/?page_id=2310"},"modified":"2021-10-21T20:08:12","modified_gmt":"2021-10-21T18:08:12","slug":"2310-2","status":"publish","type":"page","link":"http:\/\/suryn.pl\/index.php\/2310-2\/","title":{"rendered":""},"content":{"rendered":"\n<p><\/p>\n\n\n\n<h2 class=\"wp-block-heading\"><strong>T<\/strong>o pragnienie<\/h2>\n\n\n\n<h2 class=\"wp-block-heading\">starych mistrz\u00f3w<\/h2>\n\n\n\n<h2 class=\"wp-block-heading\">rozsadza me<\/h2>\n\n\n\n<h2 class=\"wp-block-heading\">serce<\/h2>\n\n\n\n<h2 class=\"wp-block-heading\">ale z oczu<\/h2>\n\n\n\n<h2 class=\"wp-block-heading\">wypad\u0142y mi<\/h2>\n\n\n\n<h2 class=\"wp-block-heading\">gwiazdy<\/h2>\n\n\n\n<h2 class=\"wp-block-heading\">i ju\u017c nie wiem<\/h2>\n\n\n\n<h2 class=\"wp-block-heading\">gdzie i\u015b\u0107<\/h2>\n\n\n\n<div style=\"height:270px\" aria-hidden=\"true\" class=\"wp-block-spacer\"><\/div>\n\n\n\n<p class=\"has-text-align-right\"><a href=\"http:\/\/suryn.pl\/index.php\/wiersze-wszystkie\/\">Wszystkie wiersze<\/a><\/p>\n","protected":false},"excerpt":{"rendered":"<p>To pragnienie starych mistrz\u00f3w rozsadza me serce ale z oczu wypad\u0142y mi gwiazdy i ju\u017c nie wiem gdzie i\u015b\u0107 Wszystkie wiersze<\/p>\n","protected":false},"author":1,"featured_media":0,"parent":0,"menu_order":0,"comment_status":"closed","ping_status":"closed","template":"","meta":{"footnotes":""},"class_list":["post-2310","page","type-page","status-publish","hentry"],"_links":{"self":[{"href":"http:\/\/suryn.pl\/index.php\/wp-json\/wp\/v2\/pages\/2310","targetHints":{"allow":["GET"]}}],"collection":[{"href":"http:\/\/suryn.pl\/index.php\/wp-json\/wp\/v2\/pages"}],"about":[{"href":"http:\/\/suryn.pl\/index.php\/wp-json\/wp\/v2\/types\/page"}],"author":[{"embeddable":true,"href":"http:\/\/suryn.pl\/index.php\/wp-json\/wp\/v2\/users\/1"}],"replies":[{"embeddable":true,"href":"http:\/\/suryn.pl\/index.php\/wp-json\/wp\/v2\/comments?post=2310"}],"version-history":[{"count":2,"href":"http:\/\/suryn.pl\/index.php\/wp-json\/wp\/v2\/pages\/2310\/revisions"}],"predecessor-version":[{"id":2727,"href":"http:\/\/suryn.pl\/index.php\/wp-json\/wp\/v2\/pages\/2310\/revisions\/2727"}],"wp:attachment":[{"href":"http:\/\/suryn.pl\/index.php\/wp-json\/wp\/v2\/media?parent=2310"}],"curies":[{"name":"wp","href":"https:\/\/api.w.org\/{rel}","templated":true}]}}