{"id":2304,"date":"2021-10-20T22:23:29","date_gmt":"2021-10-20T20:23:29","guid":{"rendered":"http:\/\/suryn.pl\/?page_id=2304"},"modified":"2021-10-21T20:07:19","modified_gmt":"2021-10-21T18:07:19","slug":"2304-2","status":"publish","type":"page","link":"http:\/\/suryn.pl\/index.php\/2304-2\/","title":{"rendered":""},"content":{"rendered":"\n<p><\/p>\n\n\n\n<p style=\"font-size:24px\"><strong>Teraz<\/strong><\/p>\n\n\n\n<h2 class=\"wp-block-heading\">teraz si\u0119 narodzi\u0142em<\/h2>\n\n\n\n<h2 class=\"wp-block-heading\">teraz stwarza mnie i stwarza<\/h2>\n\n\n\n<h2 class=\"wp-block-heading\">Duch \u015awi\u0119ty \u2013 ja nie przeszkadzam<\/h2>\n\n\n\n<h2 class=\"wp-block-heading\">teraz jest pe\u0142ne i puste<\/h2>\n\n\n\n<h2 class=\"wp-block-heading\">jest wolno\u015bci\u0105 w wolno\u015bci<\/h2>\n\n\n\n<h2 class=\"wp-block-heading\">pij\u0119 pierwszy raz<\/h2>\n\n\n\n<h2 class=\"wp-block-heading\">jem pierwszy raz<\/h2>\n\n\n\n<h2 class=\"wp-block-heading\">nie mam wyobra\u017ce\u0144<\/h2>\n\n\n\n<h2 class=\"wp-block-heading\">mam rzeczywisto\u015b\u0107<\/h2>\n\n\n\n<h2 class=\"wp-block-heading\">nie wybieram \u2013 spotykam<\/h2>\n\n\n\n<h2 class=\"wp-block-heading\">cud trwa <\/h2>\n\n\n\n<h2 class=\"wp-block-heading\">tak jak ja<\/h2>\n\n\n\n<div style=\"height:100px\" aria-hidden=\"true\" class=\"wp-block-spacer\"><\/div>\n\n\n\n<p class=\"has-text-align-right\"><a href=\"http:\/\/suryn.pl\/index.php\/wiersze-wszystkie\/\">Wszystkie wiersze<\/a><\/p>\n","protected":false},"excerpt":{"rendered":"<p>Teraz teraz si\u0119 narodzi\u0142em teraz stwarza mnie i stwarza Duch \u015awi\u0119ty \u2013 ja nie przeszkadzam teraz jest pe\u0142ne i puste jest wolno\u015bci\u0105 w wolno\u015bci pij\u0119 pierwszy raz jem pierwszy raz nie mam wyobra\u017ce\u0144 mam rzeczywisto\u015b\u0107 nie wybieram \u2013 spotykam cud trwa tak jak ja Wszystkie wiersze<\/p>\n","protected":false},"author":1,"featured_media":0,"parent":0,"menu_order":0,"comment_status":"closed","ping_status":"closed","template":"","meta":{"footnotes":""},"class_list":["post-2304","page","type-page","status-publish","hentry"],"_links":{"self":[{"href":"http:\/\/suryn.pl\/index.php\/wp-json\/wp\/v2\/pages\/2304","targetHints":{"allow":["GET"]}}],"collection":[{"href":"http:\/\/suryn.pl\/index.php\/wp-json\/wp\/v2\/pages"}],"about":[{"href":"http:\/\/suryn.pl\/index.php\/wp-json\/wp\/v2\/types\/page"}],"author":[{"embeddable":true,"href":"http:\/\/suryn.pl\/index.php\/wp-json\/wp\/v2\/users\/1"}],"replies":[{"embeddable":true,"href":"http:\/\/suryn.pl\/index.php\/wp-json\/wp\/v2\/comments?post=2304"}],"version-history":[{"count":2,"href":"http:\/\/suryn.pl\/index.php\/wp-json\/wp\/v2\/pages\/2304\/revisions"}],"predecessor-version":[{"id":2725,"href":"http:\/\/suryn.pl\/index.php\/wp-json\/wp\/v2\/pages\/2304\/revisions\/2725"}],"wp:attachment":[{"href":"http:\/\/suryn.pl\/index.php\/wp-json\/wp\/v2\/media?parent=2304"}],"curies":[{"name":"wp","href":"https:\/\/api.w.org\/{rel}","templated":true}]}}