{"id":2300,"date":"2021-10-20T22:22:34","date_gmt":"2021-10-20T20:22:34","guid":{"rendered":"http:\/\/suryn.pl\/?page_id=2300"},"modified":"2021-10-21T20:06:39","modified_gmt":"2021-10-21T18:06:39","slug":"2300-2","status":"publish","type":"page","link":"http:\/\/suryn.pl\/index.php\/2300-2\/","title":{"rendered":""},"content":{"rendered":"\n<p><\/p>\n\n\n\n<p style=\"font-size:24px\"><strong>Ten<\/strong><\/p>\n\n\n\n<h2 class=\"wp-block-heading\">ten kto si\u0119 trudzi wymy\u015blaniem<\/h2>\n\n\n\n<h2 class=\"wp-block-heading\">wymy\u015blny los sobie gotuje<\/h2>\n\n\n\n<h2 class=\"wp-block-heading\">prawdy pomyli<\/h2>\n\n\n\n<h2 class=\"wp-block-heading\">rozum wyprzeda<\/h2>\n\n\n\n<h2 class=\"wp-block-heading\">po latach zobacz\u0105 go podr\u00f3\u017cni<\/h2>\n\n\n\n<h2 class=\"wp-block-heading\">jak j\u0119cz\u0105c <\/h2>\n\n\n\n<h2 class=\"wp-block-heading\">modli si\u0119 do drzewa<\/h2>\n\n\n\n<div style=\"height:257px\" aria-hidden=\"true\" class=\"wp-block-spacer\"><\/div>\n\n\n\n<p class=\"has-text-align-right\"><a href=\"http:\/\/suryn.pl\/index.php\/wiersze-wszystkie\/\">Wszystkie wiersze<\/a><\/p>\n","protected":false},"excerpt":{"rendered":"<p>Ten ten kto si\u0119 trudzi wymy\u015blaniem wymy\u015blny los sobie gotuje prawdy pomyli rozum wyprzeda po latach zobacz\u0105 go podr\u00f3\u017cni jak j\u0119cz\u0105c modli si\u0119 do drzewa Wszystkie wiersze<\/p>\n","protected":false},"author":1,"featured_media":0,"parent":0,"menu_order":0,"comment_status":"closed","ping_status":"closed","template":"","meta":{"footnotes":""},"class_list":["post-2300","page","type-page","status-publish","hentry"],"_links":{"self":[{"href":"http:\/\/suryn.pl\/index.php\/wp-json\/wp\/v2\/pages\/2300","targetHints":{"allow":["GET"]}}],"collection":[{"href":"http:\/\/suryn.pl\/index.php\/wp-json\/wp\/v2\/pages"}],"about":[{"href":"http:\/\/suryn.pl\/index.php\/wp-json\/wp\/v2\/types\/page"}],"author":[{"embeddable":true,"href":"http:\/\/suryn.pl\/index.php\/wp-json\/wp\/v2\/users\/1"}],"replies":[{"embeddable":true,"href":"http:\/\/suryn.pl\/index.php\/wp-json\/wp\/v2\/comments?post=2300"}],"version-history":[{"count":3,"href":"http:\/\/suryn.pl\/index.php\/wp-json\/wp\/v2\/pages\/2300\/revisions"}],"predecessor-version":[{"id":2724,"href":"http:\/\/suryn.pl\/index.php\/wp-json\/wp\/v2\/pages\/2300\/revisions\/2724"}],"wp:attachment":[{"href":"http:\/\/suryn.pl\/index.php\/wp-json\/wp\/v2\/media?parent=2300"}],"curies":[{"name":"wp","href":"https:\/\/api.w.org\/{rel}","templated":true}]}}