{"id":2297,"date":"2021-10-20T22:21:15","date_gmt":"2021-10-20T20:21:15","guid":{"rendered":"http:\/\/suryn.pl\/?page_id=2297"},"modified":"2021-10-21T20:05:57","modified_gmt":"2021-10-21T18:05:57","slug":"2297-2","status":"publish","type":"page","link":"http:\/\/suryn.pl\/index.php\/2297-2\/","title":{"rendered":""},"content":{"rendered":"\n<p><\/p>\n\n\n\n<h2 class=\"wp-block-heading\"><strong>T<\/strong>en dumny paw<\/h2>\n\n\n\n<h2 class=\"wp-block-heading\">to ja?<\/h2>\n\n\n\n<h2 class=\"wp-block-heading\">ten pomylony sen<\/h2>\n\n\n\n<h2 class=\"wp-block-heading\">to g\u00f3wno na patyku<\/h2>\n\n\n\n<h2 class=\"wp-block-heading\">ten cud mniemany<\/h2>\n\n\n\n<h2 class=\"wp-block-heading\">to mi\u0119so i \u015bwiat\u0142o<\/h2>\n\n\n\n<h2 class=\"wp-block-heading\">ten na zdj\u0119ciu<\/h2>\n\n\n\n<h2 class=\"wp-block-heading\">i po kt\u00f3rym miejsce<\/h2>\n\n\n\n<h2 class=\"wp-block-heading\">znika<\/h2>\n\n\n\n<h2 class=\"wp-block-heading\">milion lat pomy\u0142ek<\/h2>\n\n\n\n<h2 class=\"wp-block-heading\">i chwila nadziei<\/h2>\n\n\n\n<div style=\"height:430px\" aria-hidden=\"true\" class=\"wp-block-spacer\"><\/div>\n\n\n\n<p class=\"has-text-align-right\"><a href=\"http:\/\/suryn.pl\/index.php\/wiersze-wszystkie\/\">Wszystkie wiersze<\/a><\/p>\n","protected":false},"excerpt":{"rendered":"<p>Ten dumny paw to ja? ten pomylony sen to g\u00f3wno na patyku ten cud mniemany to mi\u0119so i \u015bwiat\u0142o ten na zdj\u0119ciu i po kt\u00f3rym miejsce znika milion lat pomy\u0142ek i chwila nadziei Wszystkie wiersze<\/p>\n","protected":false},"author":1,"featured_media":0,"parent":0,"menu_order":0,"comment_status":"closed","ping_status":"closed","template":"","meta":{"footnotes":""},"class_list":["post-2297","page","type-page","status-publish","hentry"],"_links":{"self":[{"href":"http:\/\/suryn.pl\/index.php\/wp-json\/wp\/v2\/pages\/2297","targetHints":{"allow":["GET"]}}],"collection":[{"href":"http:\/\/suryn.pl\/index.php\/wp-json\/wp\/v2\/pages"}],"about":[{"href":"http:\/\/suryn.pl\/index.php\/wp-json\/wp\/v2\/types\/page"}],"author":[{"embeddable":true,"href":"http:\/\/suryn.pl\/index.php\/wp-json\/wp\/v2\/users\/1"}],"replies":[{"embeddable":true,"href":"http:\/\/suryn.pl\/index.php\/wp-json\/wp\/v2\/comments?post=2297"}],"version-history":[{"count":2,"href":"http:\/\/suryn.pl\/index.php\/wp-json\/wp\/v2\/pages\/2297\/revisions"}],"predecessor-version":[{"id":2723,"href":"http:\/\/suryn.pl\/index.php\/wp-json\/wp\/v2\/pages\/2297\/revisions\/2723"}],"wp:attachment":[{"href":"http:\/\/suryn.pl\/index.php\/wp-json\/wp\/v2\/media?parent=2297"}],"curies":[{"name":"wp","href":"https:\/\/api.w.org\/{rel}","templated":true}]}}