{"id":2291,"date":"2021-10-20T22:19:07","date_gmt":"2021-10-20T20:19:07","guid":{"rendered":"http:\/\/suryn.pl\/?page_id=2291"},"modified":"2021-10-21T19:46:00","modified_gmt":"2021-10-21T17:46:00","slug":"2291-2","status":"publish","type":"page","link":"http:\/\/suryn.pl\/index.php\/2291-2\/","title":{"rendered":""},"content":{"rendered":"\n<p><\/p>\n\n\n\n<p style=\"font-size:24px\"><strong>Tao<\/strong><\/p>\n\n\n\n<h2 class=\"wp-block-heading\" style=\"font-size:17px\"><em>nie tylko dla mnie<\/em><\/h2>\n\n\n\n<p><\/p>\n\n\n\n<h2 class=\"wp-block-heading\">to pisa\u0142o si\u0119 samo<\/h2>\n\n\n\n<h2 class=\"wp-block-heading\">wiatrem, krwi\u0105, wod\u0105<\/h2>\n\n\n\n<h2 class=\"wp-block-heading\">litera zjawia\u0142a si\u0119 bez d\u0142oni<\/h2>\n\n\n\n<h2 class=\"wp-block-heading\">s\u0142o\u0144ce nie ok\u0142ama\u0142o mnie<\/h2>\n\n\n\n<h2 class=\"wp-block-heading\">da\u0142em wszystko<\/h2>\n\n\n\n<h2 class=\"wp-block-heading\">dosta\u0142em wszystko<\/h2>\n\n\n\n<h2 class=\"wp-block-heading\">moje cia\u0142o by\u0142o fletem i \u0142opat\u0105<\/h2>\n\n\n\n<h2 class=\"wp-block-heading\">wspania\u0142\u0105 uczt\u0105 dla ziemi<\/h2>\n\n\n\n<h2 class=\"wp-block-heading\">pie\u015b\u0144 nie szuka\u0142a s\u0142\u00f3w<\/h2>\n\n\n\n<h2 class=\"wp-block-heading\">by\u0142em ni\u0105<\/h2>\n\n\n\n<h2 class=\"wp-block-heading\">rzuci\u0142em ziarna szeroko, szeroko<\/h2>\n\n\n\n<h2 class=\"wp-block-heading\">sikorki \u015bmia\u0142y si\u0119 do rozpuku<\/h2>\n\n\n\n<h2 class=\"wp-block-heading\">razem ze mn\u0105<\/h2>\n\n\n\n<div style=\"height:100px\" aria-hidden=\"true\" class=\"wp-block-spacer\"><\/div>\n\n\n\n<p class=\"has-text-align-right\"><a href=\"http:\/\/suryn.pl\/index.php\/wiersze-wszystkie\/\">Wszystkie wiersze<\/a><\/p>\n","protected":false},"excerpt":{"rendered":"<p>Tao nie tylko dla mnie to pisa\u0142o si\u0119 samo wiatrem, krwi\u0105, wod\u0105 litera zjawia\u0142a si\u0119 bez d\u0142oni s\u0142o\u0144ce nie ok\u0142ama\u0142o mnie da\u0142em wszystko dosta\u0142em wszystko moje cia\u0142o by\u0142o fletem i \u0142opat\u0105 wspania\u0142\u0105 uczt\u0105 dla ziemi pie\u015b\u0144 nie szuka\u0142a s\u0142\u00f3w by\u0142em ni\u0105 rzuci\u0142em ziarna szeroko, szeroko sikorki \u015bmia\u0142y si\u0119 do rozpuku razem ze mn\u0105 Wszystkie wiersze<\/p>\n","protected":false},"author":1,"featured_media":0,"parent":0,"menu_order":0,"comment_status":"closed","ping_status":"closed","template":"","meta":{"footnotes":""},"class_list":["post-2291","page","type-page","status-publish","hentry"],"_links":{"self":[{"href":"http:\/\/suryn.pl\/index.php\/wp-json\/wp\/v2\/pages\/2291","targetHints":{"allow":["GET"]}}],"collection":[{"href":"http:\/\/suryn.pl\/index.php\/wp-json\/wp\/v2\/pages"}],"about":[{"href":"http:\/\/suryn.pl\/index.php\/wp-json\/wp\/v2\/types\/page"}],"author":[{"embeddable":true,"href":"http:\/\/suryn.pl\/index.php\/wp-json\/wp\/v2\/users\/1"}],"replies":[{"embeddable":true,"href":"http:\/\/suryn.pl\/index.php\/wp-json\/wp\/v2\/comments?post=2291"}],"version-history":[{"count":8,"href":"http:\/\/suryn.pl\/index.php\/wp-json\/wp\/v2\/pages\/2291\/revisions"}],"predecessor-version":[{"id":2722,"href":"http:\/\/suryn.pl\/index.php\/wp-json\/wp\/v2\/pages\/2291\/revisions\/2722"}],"wp:attachment":[{"href":"http:\/\/suryn.pl\/index.php\/wp-json\/wp\/v2\/media?parent=2291"}],"curies":[{"name":"wp","href":"https:\/\/api.w.org\/{rel}","templated":true}]}}