{"id":2287,"date":"2021-10-20T22:18:06","date_gmt":"2021-10-20T20:18:06","guid":{"rendered":"http:\/\/suryn.pl\/?page_id=2287"},"modified":"2021-10-21T19:42:40","modified_gmt":"2021-10-21T17:42:40","slug":"2287-2","status":"publish","type":"page","link":"http:\/\/suryn.pl\/index.php\/2287-2\/","title":{"rendered":""},"content":{"rendered":"\n<p><\/p>\n\n\n\n<p style=\"font-size:24px\"><strong>Tak<\/strong><\/p>\n\n\n\n<h2 class=\"wp-block-heading\">ryba wyj\u0119ta<\/h2>\n\n\n\n<h2 class=\"wp-block-heading\">z wody czasu<\/h2>\n\n\n\n<h2 class=\"wp-block-heading\">wr\u00f3ci do Ojca<\/h2>\n\n\n\n<h2 class=\"wp-block-heading\">\u015awiat\u0142o wszelkie<\/h2>\n\n\n\n<h2 class=\"wp-block-heading\">do serca<\/h2>\n\n\n\n<h2 class=\"wp-block-heading\">jeden czyni dwa<\/h2>\n\n\n\n<h2 class=\"wp-block-heading\">dwa daje trzy<\/h2>\n\n\n\n<h2 class=\"wp-block-heading\">trzy tworzy wszystko<\/h2>\n\n\n\n<div style=\"height:330px\" aria-hidden=\"true\" class=\"wp-block-spacer\"><\/div>\n\n\n\n<p class=\"has-text-align-right\"><a href=\"http:\/\/suryn.pl\/index.php\/wiersze-wszystkie\/\">Wszystkie wiersze<\/a><\/p>\n","protected":false},"excerpt":{"rendered":"<p>Tak ryba wyj\u0119ta z wody czasu wr\u00f3ci do Ojca \u015awiat\u0142o wszelkie do serca jeden czyni dwa dwa daje trzy trzy tworzy wszystko Wszystkie wiersze<\/p>\n","protected":false},"author":1,"featured_media":0,"parent":0,"menu_order":0,"comment_status":"closed","ping_status":"closed","template":"","meta":{"footnotes":""},"class_list":["post-2287","page","type-page","status-publish","hentry"],"_links":{"self":[{"href":"http:\/\/suryn.pl\/index.php\/wp-json\/wp\/v2\/pages\/2287","targetHints":{"allow":["GET"]}}],"collection":[{"href":"http:\/\/suryn.pl\/index.php\/wp-json\/wp\/v2\/pages"}],"about":[{"href":"http:\/\/suryn.pl\/index.php\/wp-json\/wp\/v2\/types\/page"}],"author":[{"embeddable":true,"href":"http:\/\/suryn.pl\/index.php\/wp-json\/wp\/v2\/users\/1"}],"replies":[{"embeddable":true,"href":"http:\/\/suryn.pl\/index.php\/wp-json\/wp\/v2\/comments?post=2287"}],"version-history":[{"count":3,"href":"http:\/\/suryn.pl\/index.php\/wp-json\/wp\/v2\/pages\/2287\/revisions"}],"predecessor-version":[{"id":2715,"href":"http:\/\/suryn.pl\/index.php\/wp-json\/wp\/v2\/pages\/2287\/revisions\/2715"}],"wp:attachment":[{"href":"http:\/\/suryn.pl\/index.php\/wp-json\/wp\/v2\/media?parent=2287"}],"curies":[{"name":"wp","href":"https:\/\/api.w.org\/{rel}","templated":true}]}}