{"id":2283,"date":"2021-10-20T22:16:50","date_gmt":"2021-10-20T20:16:50","guid":{"rendered":"http:\/\/suryn.pl\/?page_id=2283"},"modified":"2021-10-21T19:40:33","modified_gmt":"2021-10-21T17:40:33","slug":"2283-2","status":"publish","type":"page","link":"http:\/\/suryn.pl\/index.php\/2283-2\/","title":{"rendered":""},"content":{"rendered":"\n<p><\/p>\n\n\n\n<p style=\"font-size:24px\"><strong>Tako\u015b\u0107<\/strong><\/p>\n\n\n\n<h2 class=\"wp-block-heading\">przebaczone<\/h2>\n\n\n\n<h2 class=\"wp-block-heading\">zapomniane<\/h2>\n\n\n\n<h2 class=\"wp-block-heading\">darowane<\/h2>\n\n\n\n<h2 class=\"wp-block-heading\">i nie by\u0142o miejsca na \u015bwiecie<\/h2>\n\n\n\n<h2 class=\"wp-block-heading\">bez mi\u0142o\u015bci<\/h2>\n\n\n\n<h2 class=\"wp-block-heading\">cierpka, pal\u0105ca, prawdziwa<\/h2>\n\n\n\n<h2 class=\"wp-block-heading\">nie spe\u0142nia\u0142a \u017cycze\u0144<\/h2>\n\n\n\n<h2 class=\"wp-block-heading\">spe\u0142nia\u0142a zamiar Boga<\/h2>\n\n\n\n<div style=\"height:324px\" aria-hidden=\"true\" class=\"wp-block-spacer\"><\/div>\n\n\n\n<p class=\"has-text-align-right\"><a href=\"http:\/\/suryn.pl\/index.php\/wiersze-wszystkie\/\">Wszystkie wiersze<\/a><\/p>\n","protected":false},"excerpt":{"rendered":"<p>Tako\u015b\u0107 przebaczone zapomniane darowane i nie by\u0142o miejsca na \u015bwiecie bez mi\u0142o\u015bci cierpka, pal\u0105ca, prawdziwa nie spe\u0142nia\u0142a \u017cycze\u0144 spe\u0142nia\u0142a zamiar Boga Wszystkie wiersze<\/p>\n","protected":false},"author":1,"featured_media":0,"parent":0,"menu_order":0,"comment_status":"closed","ping_status":"closed","template":"","meta":{"footnotes":""},"class_list":["post-2283","page","type-page","status-publish","hentry"],"_links":{"self":[{"href":"http:\/\/suryn.pl\/index.php\/wp-json\/wp\/v2\/pages\/2283","targetHints":{"allow":["GET"]}}],"collection":[{"href":"http:\/\/suryn.pl\/index.php\/wp-json\/wp\/v2\/pages"}],"about":[{"href":"http:\/\/suryn.pl\/index.php\/wp-json\/wp\/v2\/types\/page"}],"author":[{"embeddable":true,"href":"http:\/\/suryn.pl\/index.php\/wp-json\/wp\/v2\/users\/1"}],"replies":[{"embeddable":true,"href":"http:\/\/suryn.pl\/index.php\/wp-json\/wp\/v2\/comments?post=2283"}],"version-history":[{"count":3,"href":"http:\/\/suryn.pl\/index.php\/wp-json\/wp\/v2\/pages\/2283\/revisions"}],"predecessor-version":[{"id":2713,"href":"http:\/\/suryn.pl\/index.php\/wp-json\/wp\/v2\/pages\/2283\/revisions\/2713"}],"wp:attachment":[{"href":"http:\/\/suryn.pl\/index.php\/wp-json\/wp\/v2\/media?parent=2283"}],"curies":[{"name":"wp","href":"https:\/\/api.w.org\/{rel}","templated":true}]}}