{"id":2280,"date":"2021-10-20T22:15:38","date_gmt":"2021-10-20T20:15:38","guid":{"rendered":"http:\/\/suryn.pl\/?page_id=2280"},"modified":"2021-10-21T19:39:52","modified_gmt":"2021-10-21T17:39:52","slug":"2280-2","status":"publish","type":"page","link":"http:\/\/suryn.pl\/index.php\/2280-2\/","title":{"rendered":""},"content":{"rendered":"\n<p><\/p>\n\n\n\n<p style=\"font-size:24px\"><strong>Tak<\/strong><\/p>\n\n\n\n<h2 class=\"wp-block-heading\">jestem elfem<\/h2>\n\n\n\n<h2 class=\"wp-block-heading\">jestem smutny i weso\u0142y<\/h2>\n\n\n\n<h2 class=\"wp-block-heading\">jestem stary i m\u0142ody<\/h2>\n\n\n\n<h2 class=\"wp-block-heading\">w dzie\u0144 \u015bmiej\u0119 si\u0119 pod paproci\u0105<\/h2>\n\n\n\n<h2 class=\"wp-block-heading\">w nocy p\u0142acz\u0119 pod ksi\u0119\u017cycem<\/h2>\n\n\n\n<h2 class=\"wp-block-heading\">nic nie wiem<\/h2>\n\n\n\n<h2 class=\"wp-block-heading\">a pami\u0119tam wszystko<\/h2>\n\n\n\n<h2 class=\"wp-block-heading\">wszak jestem elfem<\/h2>\n\n\n\n<div style=\"height:303px\" aria-hidden=\"true\" class=\"wp-block-spacer\"><\/div>\n\n\n\n<p class=\"has-text-align-right\"><a href=\"http:\/\/suryn.pl\/index.php\/wiersze-wszystkie\/\">Wszystkie wiersze<\/a><\/p>\n","protected":false},"excerpt":{"rendered":"<p>Tak jestem elfem jestem smutny i weso\u0142y jestem stary i m\u0142ody w dzie\u0144 \u015bmiej\u0119 si\u0119 pod paproci\u0105 w nocy p\u0142acz\u0119 pod ksi\u0119\u017cycem nic nie wiem a pami\u0119tam wszystko wszak jestem elfem Wszystkie wiersze<\/p>\n","protected":false},"author":1,"featured_media":0,"parent":0,"menu_order":0,"comment_status":"closed","ping_status":"closed","template":"","meta":{"footnotes":""},"class_list":["post-2280","page","type-page","status-publish","hentry"],"_links":{"self":[{"href":"http:\/\/suryn.pl\/index.php\/wp-json\/wp\/v2\/pages\/2280","targetHints":{"allow":["GET"]}}],"collection":[{"href":"http:\/\/suryn.pl\/index.php\/wp-json\/wp\/v2\/pages"}],"about":[{"href":"http:\/\/suryn.pl\/index.php\/wp-json\/wp\/v2\/types\/page"}],"author":[{"embeddable":true,"href":"http:\/\/suryn.pl\/index.php\/wp-json\/wp\/v2\/users\/1"}],"replies":[{"embeddable":true,"href":"http:\/\/suryn.pl\/index.php\/wp-json\/wp\/v2\/comments?post=2280"}],"version-history":[{"count":2,"href":"http:\/\/suryn.pl\/index.php\/wp-json\/wp\/v2\/pages\/2280\/revisions"}],"predecessor-version":[{"id":2712,"href":"http:\/\/suryn.pl\/index.php\/wp-json\/wp\/v2\/pages\/2280\/revisions\/2712"}],"wp:attachment":[{"href":"http:\/\/suryn.pl\/index.php\/wp-json\/wp\/v2\/media?parent=2280"}],"curies":[{"name":"wp","href":"https:\/\/api.w.org\/{rel}","templated":true}]}}