{"id":2276,"date":"2021-10-20T22:14:24","date_gmt":"2021-10-20T20:14:24","guid":{"rendered":"http:\/\/suryn.pl\/?page_id=2276"},"modified":"2021-10-21T19:39:12","modified_gmt":"2021-10-21T17:39:12","slug":"2276-2","status":"publish","type":"page","link":"http:\/\/suryn.pl\/index.php\/2276-2\/","title":{"rendered":""},"content":{"rendered":"\n<p><\/p>\n\n\n\n<h2 class=\"wp-block-heading\"><strong>T<\/strong>ak b\u0119dzie i ju\u017c jest<\/h2>\n\n\n\n<h2 class=\"wp-block-heading\">konie rozp\u0119dem wpadaj\u0105 do rze\u017ani<\/h2>\n\n\n\n<h2 class=\"wp-block-heading\">i krwi potrzeba na zar\u00f3\u017cowienie \u015bwitu<\/h2>\n\n\n\n<div style=\"height:100px\" aria-hidden=\"true\" class=\"wp-block-spacer\"><\/div>\n\n\n\n<p class=\"has-text-align-right\"><a href=\"http:\/\/suryn.pl\/index.php\/wiersze-wszystkie\/\">Wszystkie wiersze<\/a><\/p>\n","protected":false},"excerpt":{"rendered":"<p>Tak b\u0119dzie i ju\u017c jest konie rozp\u0119dem wpadaj\u0105 do rze\u017ani i krwi potrzeba na zar\u00f3\u017cowienie \u015bwitu Wszystkie wiersze<\/p>\n","protected":false},"author":1,"featured_media":0,"parent":0,"menu_order":0,"comment_status":"closed","ping_status":"closed","template":"","meta":{"footnotes":""},"class_list":["post-2276","page","type-page","status-publish","hentry"],"_links":{"self":[{"href":"http:\/\/suryn.pl\/index.php\/wp-json\/wp\/v2\/pages\/2276","targetHints":{"allow":["GET"]}}],"collection":[{"href":"http:\/\/suryn.pl\/index.php\/wp-json\/wp\/v2\/pages"}],"about":[{"href":"http:\/\/suryn.pl\/index.php\/wp-json\/wp\/v2\/types\/page"}],"author":[{"embeddable":true,"href":"http:\/\/suryn.pl\/index.php\/wp-json\/wp\/v2\/users\/1"}],"replies":[{"embeddable":true,"href":"http:\/\/suryn.pl\/index.php\/wp-json\/wp\/v2\/comments?post=2276"}],"version-history":[{"count":3,"href":"http:\/\/suryn.pl\/index.php\/wp-json\/wp\/v2\/pages\/2276\/revisions"}],"predecessor-version":[{"id":2711,"href":"http:\/\/suryn.pl\/index.php\/wp-json\/wp\/v2\/pages\/2276\/revisions\/2711"}],"wp:attachment":[{"href":"http:\/\/suryn.pl\/index.php\/wp-json\/wp\/v2\/media?parent=2276"}],"curies":[{"name":"wp","href":"https:\/\/api.w.org\/{rel}","templated":true}]}}