{"id":2269,"date":"2021-10-20T22:11:59","date_gmt":"2021-10-20T20:11:59","guid":{"rendered":"http:\/\/suryn.pl\/?page_id=2269"},"modified":"2021-10-21T19:38:05","modified_gmt":"2021-10-21T17:38:05","slug":"2269-2","status":"publish","type":"page","link":"http:\/\/suryn.pl\/index.php\/2269-2\/","title":{"rendered":""},"content":{"rendered":"\n<p><\/p>\n\n\n\n<p style=\"font-size:24px\"><strong>\u015awiecisz, a nie wierzysz<\/strong><\/p>\n\n\n\n<p style=\"font-size:22px\"><strong>albo powitanie jesieni<\/strong><\/p>\n\n\n\n<p><em>Ani<\/em><\/p>\n\n\n\n<h2 class=\"wp-block-heading\">monstrancja zgrzebna<\/h2>\n\n\n\n<h2 class=\"wp-block-heading\">li\u015bci pe\u0142na<\/h2>\n\n\n\n<h2 class=\"wp-block-heading\">flakon katar melancholia<\/h2>\n\n\n\n<h2 class=\"wp-block-heading\">tysi\u0105c ci\u0119 odmieniam<\/h2>\n\n\n\n<h2 class=\"wp-block-heading\">pani spi\u017carniana<\/h2>\n\n\n\n<h2 class=\"wp-block-heading\">w t\u0119 cerkiewn\u0105 por\u0119<\/h2>\n\n\n\n<h2 class=\"wp-block-heading\">wyj\u015b\u0107 i mie\u0107 odwag\u0119<\/h2>\n\n\n\n<h2 class=\"wp-block-heading\">palcem horyzont wspiera\u0107<\/h2>\n\n\n\n<h2 class=\"wp-block-heading\">b\u0105d\u017a pozdrowiona<\/h2>\n\n\n\n<h2 class=\"wp-block-heading\">i legiony twoje<\/h2>\n\n\n\n<h2 class=\"wp-block-heading\">i lemingi t\u0142uste<\/h2>\n\n\n\n<h2 class=\"wp-block-heading\">i deszcze z marszu<\/h2>\n\n\n\n<h2 class=\"wp-block-heading\">bior\u0105ce<\/h2>\n\n\n\n<h2 class=\"wp-block-heading\">ostatnie letnie bastiony<\/h2>\n\n\n\n<h2 class=\"wp-block-heading\">naftalin doliny<\/h2>\n\n\n\n<h2 class=\"wp-block-heading\">syte perszerony<\/h2>\n\n\n\n<h2 class=\"wp-block-heading\">a na wozach ziemniaki<\/h2>\n\n\n\n<h2 class=\"wp-block-heading\">a w ziemniakach Rousseau<\/h2>\n\n\n\n<h2 class=\"wp-block-heading\">pstro dajesz ptakom w g\u0142owy<\/h2>\n\n\n\n<h2 class=\"wp-block-heading\">i mnie prz\u0119dziesz lirycznie<\/h2>\n\n\n\n<div style=\"height:100px\" aria-hidden=\"true\" class=\"wp-block-spacer\"><\/div>\n\n\n\n<p class=\"has-text-align-right\"><a href=\"http:\/\/suryn.pl\/index.php\/wiersze-wszystkie\/\">Wszystkie wiersze<\/a><\/p>\n","protected":false},"excerpt":{"rendered":"<p>\u015awiecisz, a nie wierzysz albo powitanie jesieni Ani monstrancja zgrzebna li\u015bci pe\u0142na flakon katar melancholia tysi\u0105c ci\u0119 odmieniam pani spi\u017carniana w t\u0119 cerkiewn\u0105 por\u0119 wyj\u015b\u0107 i mie\u0107 odwag\u0119 palcem horyzont wspiera\u0107 b\u0105d\u017a pozdrowiona i legiony twoje i lemingi t\u0142uste i deszcze z marszu bior\u0105ce ostatnie letnie bastiony naftalin doliny syte perszerony a na wozach ziemniaki a w ziemniakach Rousseau pstro &#8230;<\/p>\n","protected":false},"author":1,"featured_media":0,"parent":0,"menu_order":0,"comment_status":"closed","ping_status":"closed","template":"","meta":{"footnotes":""},"class_list":["post-2269","page","type-page","status-publish","hentry"],"_links":{"self":[{"href":"http:\/\/suryn.pl\/index.php\/wp-json\/wp\/v2\/pages\/2269","targetHints":{"allow":["GET"]}}],"collection":[{"href":"http:\/\/suryn.pl\/index.php\/wp-json\/wp\/v2\/pages"}],"about":[{"href":"http:\/\/suryn.pl\/index.php\/wp-json\/wp\/v2\/types\/page"}],"author":[{"embeddable":true,"href":"http:\/\/suryn.pl\/index.php\/wp-json\/wp\/v2\/users\/1"}],"replies":[{"embeddable":true,"href":"http:\/\/suryn.pl\/index.php\/wp-json\/wp\/v2\/comments?post=2269"}],"version-history":[{"count":5,"href":"http:\/\/suryn.pl\/index.php\/wp-json\/wp\/v2\/pages\/2269\/revisions"}],"predecessor-version":[{"id":2709,"href":"http:\/\/suryn.pl\/index.php\/wp-json\/wp\/v2\/pages\/2269\/revisions\/2709"}],"wp:attachment":[{"href":"http:\/\/suryn.pl\/index.php\/wp-json\/wp\/v2\/media?parent=2269"}],"curies":[{"name":"wp","href":"https:\/\/api.w.org\/{rel}","templated":true}]}}