{"id":2265,"date":"2021-10-20T22:10:19","date_gmt":"2021-10-20T20:10:19","guid":{"rendered":"http:\/\/suryn.pl\/?page_id=2265"},"modified":"2021-10-21T19:36:20","modified_gmt":"2021-10-21T17:36:20","slug":"2265-2","status":"publish","type":"page","link":"http:\/\/suryn.pl\/index.php\/2265-2\/","title":{"rendered":""},"content":{"rendered":"\n<p><\/p>\n\n\n\n<p style=\"font-size:24px\"><strong>\u015amier\u0107<\/strong><\/p>\n\n\n\n<h2 class=\"wp-block-heading\">kamienie unosz\u0105 si\u0119<\/h2>\n\n\n\n<h2 class=\"wp-block-heading\">na wietrze<\/h2>\n\n\n\n<h2 class=\"wp-block-heading\">kosiarz kosi powietrze<\/h2>\n\n\n\n<h2 class=\"wp-block-heading\">lipiec<\/h2>\n\n\n\n<div style=\"height:173px\" aria-hidden=\"true\" class=\"wp-block-spacer\"><\/div>\n\n\n\n<p class=\"has-text-align-right\"><a href=\"http:\/\/suryn.pl\/index.php\/wiersze-wszystkie\/\">Wszystkie wiersze<\/a><\/p>\n","protected":false},"excerpt":{"rendered":"<p>\u015amier\u0107 kamienie unosz\u0105 si\u0119 na wietrze kosiarz kosi powietrze lipiec Wszystkie wiersze<\/p>\n","protected":false},"author":1,"featured_media":0,"parent":0,"menu_order":0,"comment_status":"closed","ping_status":"closed","template":"","meta":{"footnotes":""},"class_list":["post-2265","page","type-page","status-publish","hentry"],"_links":{"self":[{"href":"http:\/\/suryn.pl\/index.php\/wp-json\/wp\/v2\/pages\/2265","targetHints":{"allow":["GET"]}}],"collection":[{"href":"http:\/\/suryn.pl\/index.php\/wp-json\/wp\/v2\/pages"}],"about":[{"href":"http:\/\/suryn.pl\/index.php\/wp-json\/wp\/v2\/types\/page"}],"author":[{"embeddable":true,"href":"http:\/\/suryn.pl\/index.php\/wp-json\/wp\/v2\/users\/1"}],"replies":[{"embeddable":true,"href":"http:\/\/suryn.pl\/index.php\/wp-json\/wp\/v2\/comments?post=2265"}],"version-history":[{"count":3,"href":"http:\/\/suryn.pl\/index.php\/wp-json\/wp\/v2\/pages\/2265\/revisions"}],"predecessor-version":[{"id":2706,"href":"http:\/\/suryn.pl\/index.php\/wp-json\/wp\/v2\/pages\/2265\/revisions\/2706"}],"wp:attachment":[{"href":"http:\/\/suryn.pl\/index.php\/wp-json\/wp\/v2\/media?parent=2265"}],"curies":[{"name":"wp","href":"https:\/\/api.w.org\/{rel}","templated":true}]}}