{"id":2262,"date":"2021-10-20T22:09:08","date_gmt":"2021-10-20T20:09:08","guid":{"rendered":"http:\/\/suryn.pl\/?page_id=2262"},"modified":"2021-10-21T19:23:19","modified_gmt":"2021-10-21T17:23:19","slug":"2262-2","status":"publish","type":"page","link":"http:\/\/suryn.pl\/index.php\/2262-2\/","title":{"rendered":""},"content":{"rendered":"\n<p><\/p>\n\n\n\n<h2 class=\"wp-block-heading\"><strong>S<\/strong>zept sfer<\/h2>\n\n\n\n<h2 class=\"wp-block-heading\">furkot pi\u00f3r<\/h2>\n\n\n\n<h2 class=\"wp-block-heading\">i oto stoi On<\/h2>\n\n\n\n<h2 class=\"wp-block-heading\">w p\u0142aszczu \u015bwiat\u0142a &#8211;<\/h2>\n\n\n\n<h2 class=\"wp-block-heading\">Anio\u0142 mego wyzwolenia<\/h2>\n\n\n\n<h2 class=\"wp-block-heading\">ani s\u0142owa mi\u0119dzy nami<\/h2>\n\n\n\n<h2 class=\"wp-block-heading\">a rozmawiamy<\/h2>\n\n\n\n<h2 class=\"wp-block-heading\">w spos\u00f3b niepoj\u0119ty<\/h2>\n\n\n\n<h2 class=\"wp-block-heading\">jestem w niebo wzi\u0119ty<\/h2>\n\n\n\n<p><\/p>\n\n\n\n<div style=\"height:368px\" aria-hidden=\"true\" class=\"wp-block-spacer\"><\/div>\n\n\n\n<p class=\"has-text-align-right\"><a href=\"http:\/\/suryn.pl\/index.php\/wiersze-wszystkie\/\">Wszystkie wiersze<\/a><\/p>\n","protected":false},"excerpt":{"rendered":"<p>Szept sfer furkot pi\u00f3r i oto stoi On w p\u0142aszczu \u015bwiat\u0142a &#8211; Anio\u0142 mego wyzwolenia ani s\u0142owa mi\u0119dzy nami a rozmawiamy w spos\u00f3b niepoj\u0119ty jestem w niebo wzi\u0119ty Wszystkie wiersze<\/p>\n","protected":false},"author":1,"featured_media":0,"parent":0,"menu_order":0,"comment_status":"closed","ping_status":"closed","template":"","meta":{"footnotes":""},"class_list":["post-2262","page","type-page","status-publish","hentry"],"_links":{"self":[{"href":"http:\/\/suryn.pl\/index.php\/wp-json\/wp\/v2\/pages\/2262","targetHints":{"allow":["GET"]}}],"collection":[{"href":"http:\/\/suryn.pl\/index.php\/wp-json\/wp\/v2\/pages"}],"about":[{"href":"http:\/\/suryn.pl\/index.php\/wp-json\/wp\/v2\/types\/page"}],"author":[{"embeddable":true,"href":"http:\/\/suryn.pl\/index.php\/wp-json\/wp\/v2\/users\/1"}],"replies":[{"embeddable":true,"href":"http:\/\/suryn.pl\/index.php\/wp-json\/wp\/v2\/comments?post=2262"}],"version-history":[{"count":2,"href":"http:\/\/suryn.pl\/index.php\/wp-json\/wp\/v2\/pages\/2262\/revisions"}],"predecessor-version":[{"id":2705,"href":"http:\/\/suryn.pl\/index.php\/wp-json\/wp\/v2\/pages\/2262\/revisions\/2705"}],"wp:attachment":[{"href":"http:\/\/suryn.pl\/index.php\/wp-json\/wp\/v2\/media?parent=2262"}],"curies":[{"name":"wp","href":"https:\/\/api.w.org\/{rel}","templated":true}]}}