{"id":2249,"date":"2021-10-20T22:04:54","date_gmt":"2021-10-20T20:04:54","guid":{"rendered":"http:\/\/suryn.pl\/?page_id=2249"},"modified":"2021-10-21T19:20:20","modified_gmt":"2021-10-21T17:20:20","slug":"2249-2","status":"publish","type":"page","link":"http:\/\/suryn.pl\/index.php\/2249-2\/","title":{"rendered":""},"content":{"rendered":"\n<p><\/p>\n\n\n\n<h2 class=\"wp-block-heading\">Sok\u00f3\u0142? rar\u00f3g? pustu\u0142ka?<\/h2>\n\n\n\n<h2 class=\"wp-block-heading\">zawis\u0142 malutkim krzy\u017cykiem<\/h2>\n\n\n\n<h2 class=\"wp-block-heading\">wysoko w b\u0142\u0119kicie<\/h2>\n\n\n\n<h2 class=\"wp-block-heading\">i spad\u0142 jak kamie\u0144<\/h2>\n\n\n\n<h2 class=\"wp-block-heading\">gdzie\u015b za tamtym wzg\u00f3rzem<\/h2>\n\n\n\n<h2 class=\"wp-block-heading\">zazdroszcz\u0119 mu lotu i widoku<\/h2>\n\n\n\n<h2 class=\"wp-block-heading\">i tej niew\u0105tpliwo\u015bci<\/h2>\n\n\n\n<div style=\"height:220px\" aria-hidden=\"true\" class=\"wp-block-spacer\"><\/div>\n\n\n\n<p class=\"has-text-align-right\"><a href=\"http:\/\/suryn.pl\/index.php\/wiersze-wszystkie\/\">Wszystkie wiersze<\/a><\/p>\n","protected":false},"excerpt":{"rendered":"<p>Sok\u00f3\u0142? rar\u00f3g? pustu\u0142ka? zawis\u0142 malutkim krzy\u017cykiem wysoko w b\u0142\u0119kicie i spad\u0142 jak kamie\u0144 gdzie\u015b za tamtym wzg\u00f3rzem zazdroszcz\u0119 mu lotu i widoku i tej niew\u0105tpliwo\u015bci Wszystkie wiersze<\/p>\n","protected":false},"author":1,"featured_media":0,"parent":0,"menu_order":0,"comment_status":"closed","ping_status":"closed","template":"","meta":{"footnotes":""},"class_list":["post-2249","page","type-page","status-publish","hentry"],"_links":{"self":[{"href":"http:\/\/suryn.pl\/index.php\/wp-json\/wp\/v2\/pages\/2249","targetHints":{"allow":["GET"]}}],"collection":[{"href":"http:\/\/suryn.pl\/index.php\/wp-json\/wp\/v2\/pages"}],"about":[{"href":"http:\/\/suryn.pl\/index.php\/wp-json\/wp\/v2\/types\/page"}],"author":[{"embeddable":true,"href":"http:\/\/suryn.pl\/index.php\/wp-json\/wp\/v2\/users\/1"}],"replies":[{"embeddable":true,"href":"http:\/\/suryn.pl\/index.php\/wp-json\/wp\/v2\/comments?post=2249"}],"version-history":[{"count":3,"href":"http:\/\/suryn.pl\/index.php\/wp-json\/wp\/v2\/pages\/2249\/revisions"}],"predecessor-version":[{"id":2700,"href":"http:\/\/suryn.pl\/index.php\/wp-json\/wp\/v2\/pages\/2249\/revisions\/2700"}],"wp:attachment":[{"href":"http:\/\/suryn.pl\/index.php\/wp-json\/wp\/v2\/media?parent=2249"}],"curies":[{"name":"wp","href":"https:\/\/api.w.org\/{rel}","templated":true}]}}