{"id":2245,"date":"2021-10-20T22:03:31","date_gmt":"2021-10-20T20:03:31","guid":{"rendered":"http:\/\/suryn.pl\/?page_id=2245"},"modified":"2021-10-21T19:19:50","modified_gmt":"2021-10-21T17:19:50","slug":"2245-2","status":"publish","type":"page","link":"http:\/\/suryn.pl\/index.php\/2245-2\/","title":{"rendered":""},"content":{"rendered":"\n<p><\/p>\n\n\n\n<p style=\"font-size:24px\"><strong>Smok<\/strong><\/p>\n\n\n\n<h2 class=\"wp-block-heading\">jest wielki i po\u0142yka<\/h2>\n\n\n\n<h2 class=\"wp-block-heading\">daj\u0119 mu na po\u017carcie&nbsp;<\/h2>\n\n\n\n<h2 class=\"wp-block-heading\">nienapisane historie<\/h2>\n\n\n\n<h2 class=\"wp-block-heading\">mi\u0142o\u015bci dooko\u0142a \u015bwiata<\/h2>\n\n\n\n<h2 class=\"wp-block-heading\">i po tysi\u0105c razy usch\u0142e kwiaty<\/h2>\n\n\n\n<h2 class=\"wp-block-heading\">zagadki<\/h2>\n\n\n\n<h2 class=\"wp-block-heading\">umar\u0142e z nieodgadni\u0119cia<\/h2>\n\n\n\n<div style=\"height:331px\" aria-hidden=\"true\" class=\"wp-block-spacer\"><\/div>\n\n\n\n<p class=\"has-text-align-right\"><a href=\"http:\/\/suryn.pl\/index.php\/wiersze-wszystkie\/\">Wszystkie wiersze<\/a><\/p>\n","protected":false},"excerpt":{"rendered":"<p>Smok jest wielki i po\u0142yka daj\u0119 mu na po\u017carcie&nbsp; nienapisane historie mi\u0142o\u015bci dooko\u0142a \u015bwiata i po tysi\u0105c razy usch\u0142e kwiaty zagadki umar\u0142e z nieodgadni\u0119cia Wszystkie wiersze<\/p>\n","protected":false},"author":1,"featured_media":0,"parent":0,"menu_order":0,"comment_status":"closed","ping_status":"closed","template":"","meta":{"footnotes":""},"class_list":["post-2245","page","type-page","status-publish","hentry"],"_links":{"self":[{"href":"http:\/\/suryn.pl\/index.php\/wp-json\/wp\/v2\/pages\/2245","targetHints":{"allow":["GET"]}}],"collection":[{"href":"http:\/\/suryn.pl\/index.php\/wp-json\/wp\/v2\/pages"}],"about":[{"href":"http:\/\/suryn.pl\/index.php\/wp-json\/wp\/v2\/types\/page"}],"author":[{"embeddable":true,"href":"http:\/\/suryn.pl\/index.php\/wp-json\/wp\/v2\/users\/1"}],"replies":[{"embeddable":true,"href":"http:\/\/suryn.pl\/index.php\/wp-json\/wp\/v2\/comments?post=2245"}],"version-history":[{"count":2,"href":"http:\/\/suryn.pl\/index.php\/wp-json\/wp\/v2\/pages\/2245\/revisions"}],"predecessor-version":[{"id":2699,"href":"http:\/\/suryn.pl\/index.php\/wp-json\/wp\/v2\/pages\/2245\/revisions\/2699"}],"wp:attachment":[{"href":"http:\/\/suryn.pl\/index.php\/wp-json\/wp\/v2\/media?parent=2245"}],"curies":[{"name":"wp","href":"https:\/\/api.w.org\/{rel}","templated":true}]}}