{"id":2239,"date":"2021-10-20T21:58:30","date_gmt":"2021-10-20T19:58:30","guid":{"rendered":"http:\/\/suryn.pl\/?page_id=2239"},"modified":"2021-10-21T19:18:54","modified_gmt":"2021-10-21T17:18:54","slug":"2239-2","status":"publish","type":"page","link":"http:\/\/suryn.pl\/index.php\/2239-2\/","title":{"rendered":""},"content":{"rendered":"\n<p><\/p>\n\n\n\n<h2 class=\"wp-block-heading\"><strong>S<\/strong>iedz\u0119 na brzegu rzeki<\/h2>\n\n\n\n<h2 class=\"wp-block-heading\">i wtedy my\u015bl\u0119 o cz\u0142owieku<\/h2>\n\n\n\n<h2 class=\"wp-block-heading\">kt\u00f3ry uwi\u0119ziony w moim ciele<\/h2>\n\n\n\n<h2 class=\"wp-block-heading\">lepszy jest o wspomnienia<\/h2>\n\n\n\n<div style=\"height:191px\" aria-hidden=\"true\" class=\"wp-block-spacer\"><\/div>\n\n\n\n<p class=\"has-text-align-right\"><a href=\"http:\/\/suryn.pl\/index.php\/wiersze-wszystkie\/\">Wszystkie wiersze<\/a><\/p>\n","protected":false},"excerpt":{"rendered":"<p>Siedz\u0119 na brzegu rzeki i wtedy my\u015bl\u0119 o cz\u0142owieku kt\u00f3ry uwi\u0119ziony w moim ciele lepszy jest o wspomnienia Wszystkie wiersze<\/p>\n","protected":false},"author":1,"featured_media":0,"parent":0,"menu_order":0,"comment_status":"closed","ping_status":"closed","template":"","meta":{"footnotes":""},"class_list":["post-2239","page","type-page","status-publish","hentry"],"_links":{"self":[{"href":"http:\/\/suryn.pl\/index.php\/wp-json\/wp\/v2\/pages\/2239","targetHints":{"allow":["GET"]}}],"collection":[{"href":"http:\/\/suryn.pl\/index.php\/wp-json\/wp\/v2\/pages"}],"about":[{"href":"http:\/\/suryn.pl\/index.php\/wp-json\/wp\/v2\/types\/page"}],"author":[{"embeddable":true,"href":"http:\/\/suryn.pl\/index.php\/wp-json\/wp\/v2\/users\/1"}],"replies":[{"embeddable":true,"href":"http:\/\/suryn.pl\/index.php\/wp-json\/wp\/v2\/comments?post=2239"}],"version-history":[{"count":2,"href":"http:\/\/suryn.pl\/index.php\/wp-json\/wp\/v2\/pages\/2239\/revisions"}],"predecessor-version":[{"id":2697,"href":"http:\/\/suryn.pl\/index.php\/wp-json\/wp\/v2\/pages\/2239\/revisions\/2697"}],"wp:attachment":[{"href":"http:\/\/suryn.pl\/index.php\/wp-json\/wp\/v2\/media?parent=2239"}],"curies":[{"name":"wp","href":"https:\/\/api.w.org\/{rel}","templated":true}]}}