{"id":2235,"date":"2021-10-20T21:56:52","date_gmt":"2021-10-20T19:56:52","guid":{"rendered":"http:\/\/suryn.pl\/?page_id=2235"},"modified":"2021-10-21T19:18:19","modified_gmt":"2021-10-21T17:18:19","slug":"2235-2","status":"publish","type":"page","link":"http:\/\/suryn.pl\/index.php\/2235-2\/","title":{"rendered":""},"content":{"rendered":"\n<p><\/p>\n\n\n\n<p style=\"font-size:24px\"><strong>Serce i smok<\/strong><\/p>\n\n\n\n<h2 class=\"wp-block-heading\">oboje spali<\/h2>\n\n\n\n<h2 class=\"wp-block-heading\">wi\u0119c mog\u0142em<\/h2>\n\n\n\n<h2 class=\"wp-block-heading\">cichutko przemierza\u0107<\/h2>\n\n\n\n<h2 class=\"wp-block-heading\">to cudowne wi\u0119zienie<\/h2>\n\n\n\n<h2 class=\"wp-block-heading\">oddech jeszcze nie sp\u0142oszony<\/h2>\n\n\n\n<h2 class=\"wp-block-heading\">niewiele wiedzia\u0142 o sobie<\/h2>\n\n\n\n<h2 class=\"wp-block-heading\">nie by\u0142o tego, kt\u00f3ry m\u00f3wi<\/h2>\n\n\n\n<h2 class=\"wp-block-heading\">nie by\u0142o tego, kt\u00f3ry s\u0142yszy<\/h2>\n\n\n\n<h2 class=\"wp-block-heading\">by\u0142o \u015bwiat\u0142o!<\/h2>\n\n\n\n<h2 class=\"wp-block-heading\">wiatr i krew obraca\u0142y<\/h2>\n\n\n\n<h2 class=\"wp-block-heading\">m\u0142yny \u017cycia<\/h2>\n\n\n\n<h2 class=\"wp-block-heading\">smok spa\u0142<\/h2>\n\n\n\n<h2 class=\"wp-block-heading\">bo by\u0142 zm\u0119czony<\/h2>\n\n\n\n<h2 class=\"wp-block-heading\">serce<\/h2>\n\n\n\n<h2 class=\"wp-block-heading\">bo musia\u0142o \u015bni\u0107<\/h2>\n\n\n\n<h2 class=\"wp-block-heading\">le\u017ca\u0142em na g\u00f3rze<\/h2>\n\n\n\n<h2 class=\"wp-block-heading\">mojego imienia<\/h2>\n\n\n\n<h2 class=\"wp-block-heading\">rzeczy pas\u0142y si\u0119 dzikie<\/h2>\n\n\n\n<h2 class=\"wp-block-heading\">niebo i ziemia p\u0142yn\u0119\u0142y w sobie<\/h2>\n\n\n\n<h2 class=\"wp-block-heading\">pasterzem by\u0142 spok\u00f3j<\/h2>\n\n\n\n<div style=\"height:100px\" aria-hidden=\"true\" class=\"wp-block-spacer\"><\/div>\n\n\n\n<p class=\"has-text-align-right\"><a href=\"http:\/\/suryn.pl\/index.php\/wiersze-wszystkie\/\">Wszystkie wiersze<\/a><\/p>\n","protected":false},"excerpt":{"rendered":"<p>Serce i smok oboje spali wi\u0119c mog\u0142em cichutko przemierza\u0107 to cudowne wi\u0119zienie oddech jeszcze nie sp\u0142oszony niewiele wiedzia\u0142 o sobie nie by\u0142o tego, kt\u00f3ry m\u00f3wi nie by\u0142o tego, kt\u00f3ry s\u0142yszy by\u0142o \u015bwiat\u0142o! wiatr i krew obraca\u0142y m\u0142yny \u017cycia smok spa\u0142 bo by\u0142 zm\u0119czony serce bo musia\u0142o \u015bni\u0107 le\u017ca\u0142em na g\u00f3rze mojego imienia rzeczy pas\u0142y si\u0119 dzikie niebo i ziemia p\u0142yn\u0119\u0142y &#8230;<\/p>\n","protected":false},"author":1,"featured_media":0,"parent":0,"menu_order":0,"comment_status":"closed","ping_status":"closed","template":"","meta":{"footnotes":""},"class_list":["post-2235","page","type-page","status-publish","hentry"],"_links":{"self":[{"href":"http:\/\/suryn.pl\/index.php\/wp-json\/wp\/v2\/pages\/2235","targetHints":{"allow":["GET"]}}],"collection":[{"href":"http:\/\/suryn.pl\/index.php\/wp-json\/wp\/v2\/pages"}],"about":[{"href":"http:\/\/suryn.pl\/index.php\/wp-json\/wp\/v2\/types\/page"}],"author":[{"embeddable":true,"href":"http:\/\/suryn.pl\/index.php\/wp-json\/wp\/v2\/users\/1"}],"replies":[{"embeddable":true,"href":"http:\/\/suryn.pl\/index.php\/wp-json\/wp\/v2\/comments?post=2235"}],"version-history":[{"count":2,"href":"http:\/\/suryn.pl\/index.php\/wp-json\/wp\/v2\/pages\/2235\/revisions"}],"predecessor-version":[{"id":2696,"href":"http:\/\/suryn.pl\/index.php\/wp-json\/wp\/v2\/pages\/2235\/revisions\/2696"}],"wp:attachment":[{"href":"http:\/\/suryn.pl\/index.php\/wp-json\/wp\/v2\/media?parent=2235"}],"curies":[{"name":"wp","href":"https:\/\/api.w.org\/{rel}","templated":true}]}}