{"id":2232,"date":"2021-10-20T21:55:16","date_gmt":"2021-10-20T19:55:16","guid":{"rendered":"http:\/\/suryn.pl\/?page_id=2232"},"modified":"2021-10-21T19:17:31","modified_gmt":"2021-10-21T17:17:31","slug":"2232-2","status":"publish","type":"page","link":"http:\/\/suryn.pl\/index.php\/2232-2\/","title":{"rendered":""},"content":{"rendered":"\n<p><\/p>\n\n\n\n<h2 class=\"wp-block-heading\"><strong>S<\/strong>en m\u00f3j<\/h2>\n\n\n\n<h2 class=\"wp-block-heading\">pasie si\u0119 na<\/h2>\n\n\n\n<h2 class=\"wp-block-heading\">\u0142\u0105ce<\/h2>\n\n\n\n<h2 class=\"wp-block-heading\">ile tu mi\u0142o\u015bci<\/h2>\n\n\n\n<h2 class=\"wp-block-heading\">milczymy rado\u015bnie<\/h2>\n\n\n\n<h2 class=\"wp-block-heading\">wypalam fajk\u0119<\/h2>\n\n\n\n<h2 class=\"wp-block-heading\">z ojcem<\/h2>\n\n\n\n<h2 class=\"wp-block-heading\">i robi si\u0119 zima<\/h2>\n\n\n\n<h2 class=\"wp-block-heading\">chodzimy boso po \u015bniegu<\/h2>\n\n\n\n<h2 class=\"wp-block-heading\">jak zwierz\u0119ta<\/h2>\n\n\n\n<h2 class=\"wp-block-heading\">\u015bwierk jak rakieta<\/h2>\n\n\n\n<h2 class=\"wp-block-heading\">w koralach z gili<\/h2>\n\n\n\n<h2 class=\"wp-block-heading\">o nic nie pytam<\/h2>\n\n\n\n<h2 class=\"wp-block-heading\">by nie sp\u0142oszy\u0107 chwili<\/h2>\n\n\n\n<div style=\"height:100px\" aria-hidden=\"true\" class=\"wp-block-spacer\"><\/div>\n\n\n\n<p class=\"has-text-align-right\"><a href=\"http:\/\/suryn.pl\/index.php\/wiersze-wszystkie\/\">Wszystkie wiersze<\/a><\/p>\n","protected":false},"excerpt":{"rendered":"<p>Sen m\u00f3j pasie si\u0119 na \u0142\u0105ce ile tu mi\u0142o\u015bci milczymy rado\u015bnie wypalam fajk\u0119 z ojcem i robi si\u0119 zima chodzimy boso po \u015bniegu jak zwierz\u0119ta \u015bwierk jak rakieta w koralach z gili o nic nie pytam by nie sp\u0142oszy\u0107 chwili Wszystkie wiersze<\/p>\n","protected":false},"author":1,"featured_media":0,"parent":0,"menu_order":0,"comment_status":"closed","ping_status":"closed","template":"","meta":{"footnotes":""},"class_list":["post-2232","page","type-page","status-publish","hentry"],"_links":{"self":[{"href":"http:\/\/suryn.pl\/index.php\/wp-json\/wp\/v2\/pages\/2232","targetHints":{"allow":["GET"]}}],"collection":[{"href":"http:\/\/suryn.pl\/index.php\/wp-json\/wp\/v2\/pages"}],"about":[{"href":"http:\/\/suryn.pl\/index.php\/wp-json\/wp\/v2\/types\/page"}],"author":[{"embeddable":true,"href":"http:\/\/suryn.pl\/index.php\/wp-json\/wp\/v2\/users\/1"}],"replies":[{"embeddable":true,"href":"http:\/\/suryn.pl\/index.php\/wp-json\/wp\/v2\/comments?post=2232"}],"version-history":[{"count":2,"href":"http:\/\/suryn.pl\/index.php\/wp-json\/wp\/v2\/pages\/2232\/revisions"}],"predecessor-version":[{"id":2695,"href":"http:\/\/suryn.pl\/index.php\/wp-json\/wp\/v2\/pages\/2232\/revisions\/2695"}],"wp:attachment":[{"href":"http:\/\/suryn.pl\/index.php\/wp-json\/wp\/v2\/media?parent=2232"}],"curies":[{"name":"wp","href":"https:\/\/api.w.org\/{rel}","templated":true}]}}