{"id":2222,"date":"2021-10-20T21:50:01","date_gmt":"2021-10-20T19:50:01","guid":{"rendered":"http:\/\/suryn.pl\/?page_id=2222"},"modified":"2021-10-21T19:15:42","modified_gmt":"2021-10-21T17:15:42","slug":"2222-2","status":"publish","type":"page","link":"http:\/\/suryn.pl\/index.php\/2222-2\/","title":{"rendered":""},"content":{"rendered":"\n<p><\/p>\n\n\n\n<h2 class=\"wp-block-heading\"><strong>S<\/strong>amotny<\/h2>\n\n\n\n<h2 class=\"wp-block-heading\">na wyspie swego m\u00f3zgu<\/h2>\n\n\n\n<h2 class=\"wp-block-heading\">patrzy na przyp\u0142ywy<\/h2>\n\n\n\n<h2 class=\"wp-block-heading\">i odp\u0142ywy nadziei<\/h2>\n\n\n\n<h2 class=\"wp-block-heading\">skarabeusz toczy \u015bwiat<\/h2>\n\n\n\n<h2 class=\"wp-block-heading\">historia nie \u015bpi<\/h2>\n\n\n\n<div style=\"height:274px\" aria-hidden=\"true\" class=\"wp-block-spacer\"><\/div>\n\n\n\n<p class=\"has-text-align-right\"><a href=\"http:\/\/suryn.pl\/index.php\/wiersze-wszystkie\/\">Wszystkie wiersze<\/a><\/p>\n","protected":false},"excerpt":{"rendered":"<p>Samotny na wyspie swego m\u00f3zgu patrzy na przyp\u0142ywy i odp\u0142ywy nadziei skarabeusz toczy \u015bwiat historia nie \u015bpi Wszystkie wiersze<\/p>\n","protected":false},"author":1,"featured_media":0,"parent":0,"menu_order":0,"comment_status":"closed","ping_status":"closed","template":"","meta":{"footnotes":""},"class_list":["post-2222","page","type-page","status-publish","hentry"],"_links":{"self":[{"href":"http:\/\/suryn.pl\/index.php\/wp-json\/wp\/v2\/pages\/2222","targetHints":{"allow":["GET"]}}],"collection":[{"href":"http:\/\/suryn.pl\/index.php\/wp-json\/wp\/v2\/pages"}],"about":[{"href":"http:\/\/suryn.pl\/index.php\/wp-json\/wp\/v2\/types\/page"}],"author":[{"embeddable":true,"href":"http:\/\/suryn.pl\/index.php\/wp-json\/wp\/v2\/users\/1"}],"replies":[{"embeddable":true,"href":"http:\/\/suryn.pl\/index.php\/wp-json\/wp\/v2\/comments?post=2222"}],"version-history":[{"count":2,"href":"http:\/\/suryn.pl\/index.php\/wp-json\/wp\/v2\/pages\/2222\/revisions"}],"predecessor-version":[{"id":2692,"href":"http:\/\/suryn.pl\/index.php\/wp-json\/wp\/v2\/pages\/2222\/revisions\/2692"}],"wp:attachment":[{"href":"http:\/\/suryn.pl\/index.php\/wp-json\/wp\/v2\/media?parent=2222"}],"curies":[{"name":"wp","href":"https:\/\/api.w.org\/{rel}","templated":true}]}}