{"id":2212,"date":"2021-10-20T21:41:19","date_gmt":"2021-10-20T19:41:19","guid":{"rendered":"http:\/\/suryn.pl\/?page_id=2212"},"modified":"2022-06-18T09:21:13","modified_gmt":"2022-06-18T07:21:13","slug":"2212-2","status":"publish","type":"page","link":"http:\/\/suryn.pl\/index.php\/2212-2\/","title":{"rendered":""},"content":{"rendered":"\n<p><\/p>\n\n\n\n<p style=\"font-size:24px\"><strong>Pustka madame Bovary<\/strong><\/p>\n\n\n\n<h2 class=\"wp-block-heading\">kiedy moje pragnienia<\/h2>\n\n\n\n<h2 class=\"wp-block-heading\">str\u0105caj\u0105 lawiny<\/h2>\n\n\n\n<h2 class=\"wp-block-heading\">my\u015bl\u0119 o niezm\u0105conej&nbsp;<\/h2>\n\n\n\n<h2 class=\"wp-block-heading\">sadzawce<\/h2>\n\n\n\n<h2 class=\"wp-block-heading\">w kt\u00f3rej ju\u017c nic<\/h2>\n\n\n\n<h2 class=\"wp-block-heading\">pr\u00f3cz spokoju\u00a0<\/h2>\n\n\n\n<h2 class=\"wp-block-heading\">nie ujrz\u0119<\/h2>\n\n\n\n<div style=\"height:371px\" aria-hidden=\"true\" class=\"wp-block-spacer\"><\/div>\n\n\n\n<p class=\"has-text-align-right\"><a href=\"http:\/\/suryn.pl\/index.php\/wiersze-wszystkie\/\">Wszystkie wiersze<\/a><\/p>\n","protected":false},"excerpt":{"rendered":"<p>Pustka madame Bovary kiedy moje pragnienia str\u0105caj\u0105 lawiny my\u015bl\u0119 o niezm\u0105conej&nbsp; sadzawce w kt\u00f3rej ju\u017c nic pr\u00f3cz spokoju\u00a0 nie ujrz\u0119 Wszystkie wiersze<\/p>\n","protected":false},"author":1,"featured_media":0,"parent":0,"menu_order":0,"comment_status":"closed","ping_status":"closed","template":"","meta":{"footnotes":""},"class_list":["post-2212","page","type-page","status-publish","hentry"],"_links":{"self":[{"href":"http:\/\/suryn.pl\/index.php\/wp-json\/wp\/v2\/pages\/2212","targetHints":{"allow":["GET"]}}],"collection":[{"href":"http:\/\/suryn.pl\/index.php\/wp-json\/wp\/v2\/pages"}],"about":[{"href":"http:\/\/suryn.pl\/index.php\/wp-json\/wp\/v2\/types\/page"}],"author":[{"embeddable":true,"href":"http:\/\/suryn.pl\/index.php\/wp-json\/wp\/v2\/users\/1"}],"replies":[{"embeddable":true,"href":"http:\/\/suryn.pl\/index.php\/wp-json\/wp\/v2\/comments?post=2212"}],"version-history":[{"count":3,"href":"http:\/\/suryn.pl\/index.php\/wp-json\/wp\/v2\/pages\/2212\/revisions"}],"predecessor-version":[{"id":3081,"href":"http:\/\/suryn.pl\/index.php\/wp-json\/wp\/v2\/pages\/2212\/revisions\/3081"}],"wp:attachment":[{"href":"http:\/\/suryn.pl\/index.php\/wp-json\/wp\/v2\/media?parent=2212"}],"curies":[{"name":"wp","href":"https:\/\/api.w.org\/{rel}","templated":true}]}}