{"id":2208,"date":"2021-10-20T21:39:16","date_gmt":"2021-10-20T19:39:16","guid":{"rendered":"http:\/\/suryn.pl\/?page_id=2208"},"modified":"2021-10-21T19:13:15","modified_gmt":"2021-10-21T17:13:15","slug":"2208-2","status":"publish","type":"page","link":"http:\/\/suryn.pl\/index.php\/2208-2\/","title":{"rendered":""},"content":{"rendered":"\n<p><\/p>\n\n\n\n<p style=\"font-size:24px\"><strong>Pusta strona<\/strong><\/p>\n\n\n\n<h2 class=\"wp-block-heading\">otw\u00f3rz m\u00f3wi\u0119 ci otw\u00f3rz<\/h2>\n\n\n\n<h2 class=\"wp-block-heading\">ale nie wchod\u017a bez cienia<\/h2>\n\n\n\n<h2 class=\"wp-block-heading\">ma tyle \u015blicznych w\u0105tpliwo\u015bci<\/h2>\n\n\n\n<h2 class=\"wp-block-heading\">dumniejsza od twego spojrzenia<\/h2>\n\n\n\n<h2 class=\"wp-block-heading\">snem bia\u0142ym \u015bpi\u0105 tu pelikany<\/h2>\n\n\n\n<h2 class=\"wp-block-heading\">walet to pi\u0119knie wygra na rogu<\/h2>\n\n\n\n<h2 class=\"wp-block-heading\">przyszed\u0142e\u015b z ni\u0105<\/h2>\n\n\n\n<h2 class=\"wp-block-heading\">wi\u0119c z powrotem ci j\u0105 w\u0142o\u017c\u0119<\/h2>\n\n\n\n<h2 class=\"wp-block-heading\">tak to pust\u0105 stron\u0105 ka\u017cdy by\u0107 mo\u017ce<\/h2>\n\n\n\n<h2 class=\"wp-block-heading\">otw\u00f3rz m\u00f3wi\u0119 ci otw\u00f3rz<\/h2>\n\n\n\n<h2 class=\"wp-block-heading\">ale nie zbud\u017a przeci\u0105gu<\/h2>\n\n\n\n<h2 class=\"wp-block-heading\">ale nie zgub milczenia<\/h2>\n\n\n\n<h2 class=\"wp-block-heading\">lepiej przemilcz sw\u0105 zgub\u0119<\/h2>\n\n\n\n<p><\/p>\n\n\n\n<p>SDS (S<em>uryn\/Darski)<\/em><\/p>\n\n\n\n<p><\/p>\n\n\n\n<div style=\"height:500px\" aria-hidden=\"true\" class=\"wp-block-spacer\"><\/div>\n\n\n\n<p class=\"has-text-align-right\"><a href=\"http:\/\/suryn.pl\/index.php\/wiersze-wszystkie\/\">Wszystkie wiersze<\/a><\/p>\n","protected":false},"excerpt":{"rendered":"<p>Pusta strona otw\u00f3rz m\u00f3wi\u0119 ci otw\u00f3rz ale nie wchod\u017a bez cienia ma tyle \u015blicznych w\u0105tpliwo\u015bci dumniejsza od twego spojrzenia snem bia\u0142ym \u015bpi\u0105 tu pelikany walet to pi\u0119knie wygra na rogu przyszed\u0142e\u015b z ni\u0105 wi\u0119c z powrotem ci j\u0105 w\u0142o\u017c\u0119 tak to pust\u0105 stron\u0105 ka\u017cdy by\u0107 mo\u017ce otw\u00f3rz m\u00f3wi\u0119 ci otw\u00f3rz ale nie zbud\u017a przeci\u0105gu ale nie zgub milczenia lepiej przemilcz &#8230;<\/p>\n","protected":false},"author":1,"featured_media":0,"parent":0,"menu_order":0,"comment_status":"closed","ping_status":"closed","template":"","meta":{"footnotes":""},"class_list":["post-2208","page","type-page","status-publish","hentry"],"_links":{"self":[{"href":"http:\/\/suryn.pl\/index.php\/wp-json\/wp\/v2\/pages\/2208","targetHints":{"allow":["GET"]}}],"collection":[{"href":"http:\/\/suryn.pl\/index.php\/wp-json\/wp\/v2\/pages"}],"about":[{"href":"http:\/\/suryn.pl\/index.php\/wp-json\/wp\/v2\/types\/page"}],"author":[{"embeddable":true,"href":"http:\/\/suryn.pl\/index.php\/wp-json\/wp\/v2\/users\/1"}],"replies":[{"embeddable":true,"href":"http:\/\/suryn.pl\/index.php\/wp-json\/wp\/v2\/comments?post=2208"}],"version-history":[{"count":3,"href":"http:\/\/suryn.pl\/index.php\/wp-json\/wp\/v2\/pages\/2208\/revisions"}],"predecessor-version":[{"id":2688,"href":"http:\/\/suryn.pl\/index.php\/wp-json\/wp\/v2\/pages\/2208\/revisions\/2688"}],"wp:attachment":[{"href":"http:\/\/suryn.pl\/index.php\/wp-json\/wp\/v2\/media?parent=2208"}],"curies":[{"name":"wp","href":"https:\/\/api.w.org\/{rel}","templated":true}]}}