{"id":2205,"date":"2021-10-20T21:37:50","date_gmt":"2021-10-20T19:37:50","guid":{"rendered":"http:\/\/suryn.pl\/?page_id=2205"},"modified":"2021-10-21T19:12:23","modified_gmt":"2021-10-21T17:12:23","slug":"2205-2","status":"publish","type":"page","link":"http:\/\/suryn.pl\/index.php\/2205-2\/","title":{"rendered":""},"content":{"rendered":"\n<p><\/p>\n\n\n\n<p style=\"font-size:24px\"><strong>Pusta pora<\/strong><\/p>\n\n\n\n<p><em>Krzysiowi<\/em><\/p>\n\n\n\n<h2 class=\"wp-block-heading\">popo\u0142udnie roztapia\u0142o si\u0119 w wiecz\u00f3r<\/h2>\n\n\n\n<h2 class=\"wp-block-heading\">wielcy przezroczy\u015bci siedzieli<\/h2>\n\n\n\n<h2 class=\"wp-block-heading\">na wzg\u00f3rzach i tkali<\/h2>\n\n\n\n<h2 class=\"wp-block-heading\">zas\u0142ony mroku<\/h2>\n\n\n\n<h2 class=\"wp-block-heading\">s\u0142o\u0144ce wylewa\u0142o resztki z\u0142ota<\/h2>\n\n\n\n<h2 class=\"wp-block-heading\">na zm\u0119czon\u0105 ziemi\u0119<\/h2>\n\n\n\n<h2 class=\"wp-block-heading\">\u017cadnego cz\u0142owieka<\/h2>\n\n\n\n<h2 class=\"wp-block-heading\">umilk\u0142y ptaki<\/h2>\n\n\n\n<h2 class=\"wp-block-heading\">d\u0142onie uniesione<\/h2>\n\n\n\n<h2 class=\"wp-block-heading\">znaczy\u0142y<\/h2>\n\n\n\n<div style=\"height:477px\" aria-hidden=\"true\" class=\"wp-block-spacer\"><\/div>\n\n\n\n<p class=\"has-text-align-right\"><a href=\"http:\/\/suryn.pl\/index.php\/wiersze-wszystkie\/\">Wszystkie wiersze<\/a><\/p>\n","protected":false},"excerpt":{"rendered":"<p>Pusta pora Krzysiowi popo\u0142udnie roztapia\u0142o si\u0119 w wiecz\u00f3r wielcy przezroczy\u015bci siedzieli na wzg\u00f3rzach i tkali zas\u0142ony mroku s\u0142o\u0144ce wylewa\u0142o resztki z\u0142ota na zm\u0119czon\u0105 ziemi\u0119 \u017cadnego cz\u0142owieka umilk\u0142y ptaki d\u0142onie uniesione znaczy\u0142y Wszystkie wiersze<\/p>\n","protected":false},"author":1,"featured_media":0,"parent":0,"menu_order":0,"comment_status":"closed","ping_status":"closed","template":"","meta":{"footnotes":""},"class_list":["post-2205","page","type-page","status-publish","hentry"],"_links":{"self":[{"href":"http:\/\/suryn.pl\/index.php\/wp-json\/wp\/v2\/pages\/2205","targetHints":{"allow":["GET"]}}],"collection":[{"href":"http:\/\/suryn.pl\/index.php\/wp-json\/wp\/v2\/pages"}],"about":[{"href":"http:\/\/suryn.pl\/index.php\/wp-json\/wp\/v2\/types\/page"}],"author":[{"embeddable":true,"href":"http:\/\/suryn.pl\/index.php\/wp-json\/wp\/v2\/users\/1"}],"replies":[{"embeddable":true,"href":"http:\/\/suryn.pl\/index.php\/wp-json\/wp\/v2\/comments?post=2205"}],"version-history":[{"count":2,"href":"http:\/\/suryn.pl\/index.php\/wp-json\/wp\/v2\/pages\/2205\/revisions"}],"predecessor-version":[{"id":2686,"href":"http:\/\/suryn.pl\/index.php\/wp-json\/wp\/v2\/pages\/2205\/revisions\/2686"}],"wp:attachment":[{"href":"http:\/\/suryn.pl\/index.php\/wp-json\/wp\/v2\/media?parent=2205"}],"curies":[{"name":"wp","href":"https:\/\/api.w.org\/{rel}","templated":true}]}}