{"id":2201,"date":"2021-10-20T21:36:30","date_gmt":"2021-10-20T19:36:30","guid":{"rendered":"http:\/\/suryn.pl\/?page_id=2201"},"modified":"2021-10-21T19:11:44","modified_gmt":"2021-10-21T17:11:44","slug":"2201-2","status":"publish","type":"page","link":"http:\/\/suryn.pl\/index.php\/2201-2\/","title":{"rendered":""},"content":{"rendered":"\n<p><\/p>\n\n\n\n<p style=\"font-size:24px\"><strong>Pusta droga<\/strong><\/p>\n\n\n\n<h2 class=\"wp-block-heading\">gdyby nie wy &#8211; fenomeny:<\/h2>\n\n\n\n<h2 class=\"wp-block-heading\">\u0142y\u017cka, li\u015b\u0107, \u015bwiat\u0142o, but<\/h2>\n\n\n\n<h2 class=\"wp-block-heading\">wasza pokora<\/h2>\n\n\n\n<h2 class=\"wp-block-heading\">dodaje mi otuchy<\/h2>\n\n\n\n<h2 class=\"wp-block-heading\">i cho\u0107bym trzy \u015bwiaty pokona\u0142&nbsp;&nbsp;<\/h2>\n\n\n\n<h2 class=\"wp-block-heading\">a nie zgodzi\u0142 si\u0119 z sob\u0105<\/h2>\n\n\n\n<h2 class=\"wp-block-heading\">na nic wszystko<\/h2>\n\n\n\n<h2 class=\"wp-block-heading\">b\u0105d\u017acie b\u0142ogos\u0142awieni<\/h2>\n\n\n\n<h2 class=\"wp-block-heading\">pos\u0142a\u0144cy<\/h2>\n\n\n\n<h2 class=\"wp-block-heading\">widzialni i niewidzialni<\/h2>\n\n\n\n<h2 class=\"wp-block-heading\">i oto jestem jak porzucone sito<\/h2>\n\n\n\n<h2 class=\"wp-block-heading\">przez kt\u00f3re wieje wiatr<\/h2>\n\n\n\n<h2 class=\"wp-block-heading\">prawdy<\/h2>\n\n\n\n<div style=\"height:474px\" aria-hidden=\"true\" class=\"wp-block-spacer\"><\/div>\n\n\n\n<p class=\"has-text-align-right\"><a href=\"http:\/\/suryn.pl\/index.php\/wiersze-wszystkie\/\">Wszystkie wiersze<\/a><\/p>\n","protected":false},"excerpt":{"rendered":"<p>Pusta droga gdyby nie wy &#8211; fenomeny: \u0142y\u017cka, li\u015b\u0107, \u015bwiat\u0142o, but wasza pokora dodaje mi otuchy i cho\u0107bym trzy \u015bwiaty pokona\u0142&nbsp;&nbsp; a nie zgodzi\u0142 si\u0119 z sob\u0105 na nic wszystko b\u0105d\u017acie b\u0142ogos\u0142awieni pos\u0142a\u0144cy widzialni i niewidzialni i oto jestem jak porzucone sito przez kt\u00f3re wieje wiatr prawdy Wszystkie wiersze<\/p>\n","protected":false},"author":1,"featured_media":0,"parent":0,"menu_order":0,"comment_status":"closed","ping_status":"closed","template":"","meta":{"footnotes":""},"class_list":["post-2201","page","type-page","status-publish","hentry"],"_links":{"self":[{"href":"http:\/\/suryn.pl\/index.php\/wp-json\/wp\/v2\/pages\/2201","targetHints":{"allow":["GET"]}}],"collection":[{"href":"http:\/\/suryn.pl\/index.php\/wp-json\/wp\/v2\/pages"}],"about":[{"href":"http:\/\/suryn.pl\/index.php\/wp-json\/wp\/v2\/types\/page"}],"author":[{"embeddable":true,"href":"http:\/\/suryn.pl\/index.php\/wp-json\/wp\/v2\/users\/1"}],"replies":[{"embeddable":true,"href":"http:\/\/suryn.pl\/index.php\/wp-json\/wp\/v2\/comments?post=2201"}],"version-history":[{"count":5,"href":"http:\/\/suryn.pl\/index.php\/wp-json\/wp\/v2\/pages\/2201\/revisions"}],"predecessor-version":[{"id":2685,"href":"http:\/\/suryn.pl\/index.php\/wp-json\/wp\/v2\/pages\/2201\/revisions\/2685"}],"wp:attachment":[{"href":"http:\/\/suryn.pl\/index.php\/wp-json\/wp\/v2\/media?parent=2201"}],"curies":[{"name":"wp","href":"https:\/\/api.w.org\/{rel}","templated":true}]}}