{"id":2194,"date":"2021-10-20T21:29:09","date_gmt":"2021-10-20T19:29:09","guid":{"rendered":"http:\/\/suryn.pl\/?page_id=2194"},"modified":"2021-10-21T19:09:56","modified_gmt":"2021-10-21T17:09:56","slug":"2194-2","status":"publish","type":"page","link":"http:\/\/suryn.pl\/index.php\/2194-2\/","title":{"rendered":""},"content":{"rendered":"\n<p><\/p>\n\n\n\n<p style=\"font-size:24px\"><strong>Po\u017cegnanie<\/strong><\/p>\n\n\n\n<h2 class=\"wp-block-heading\">by\u0142em zbyt ostro\u017cny<\/h2>\n\n\n\n<h2 class=\"wp-block-heading\">a \u017cycie nie czeka\u0142o<\/h2>\n\n\n\n<h2 class=\"wp-block-heading\">mog\u0142o by\u0107 lepiej<\/h2>\n\n\n\n<h2 class=\"wp-block-heading\">mog\u0142o by\u0107 znacznie lepiej<\/h2>\n\n\n\n<h2 class=\"wp-block-heading\">twoja d\u0142o\u0144 uniesiona<\/h2>\n\n\n\n<h2 class=\"wp-block-heading\">w niechcianym po\u017cegnaniu<\/h2>\n\n\n\n<h2 class=\"wp-block-heading\">oczy nasze \u2013<\/h2>\n\n\n\n<h2 class=\"wp-block-heading\">prawdziwsze od s\u0142\u00f3w<\/h2>\n\n\n\n<h2 class=\"wp-block-heading\">min\u0119li\u015bmy si\u0119<\/h2>\n\n\n\n<h2 class=\"wp-block-heading\">czy to brak odwagi<\/h2>\n\n\n\n<h2 class=\"wp-block-heading\">czy konieczno\u015b\u0107 losu<\/h2>\n\n\n\n<h2 class=\"wp-block-heading\">nie wiem<\/h2>\n\n\n\n<h2 class=\"wp-block-heading\">za mym oknem<\/h2>\n\n\n\n<h2 class=\"wp-block-heading\">jeszcze jedna wiosna<\/h2>\n\n\n\n<p><\/p>\n\n\n\n<div style=\"height:500px\" aria-hidden=\"true\" class=\"wp-block-spacer\"><\/div>\n\n\n\n<p class=\"has-text-align-right\"><a href=\"http:\/\/suryn.pl\/index.php\/wiersze-wszystkie\/\">Wszystkie wiersze<\/a><\/p>\n","protected":false},"excerpt":{"rendered":"<p>Po\u017cegnanie by\u0142em zbyt ostro\u017cny a \u017cycie nie czeka\u0142o mog\u0142o by\u0107 lepiej mog\u0142o by\u0107 znacznie lepiej twoja d\u0142o\u0144 uniesiona w niechcianym po\u017cegnaniu oczy nasze \u2013 prawdziwsze od s\u0142\u00f3w min\u0119li\u015bmy si\u0119 czy to brak odwagi czy konieczno\u015b\u0107 losu nie wiem za mym oknem jeszcze jedna wiosna Wszystkie wiersze<\/p>\n","protected":false},"author":1,"featured_media":0,"parent":0,"menu_order":0,"comment_status":"closed","ping_status":"closed","template":"","meta":{"footnotes":""},"class_list":["post-2194","page","type-page","status-publish","hentry"],"_links":{"self":[{"href":"http:\/\/suryn.pl\/index.php\/wp-json\/wp\/v2\/pages\/2194","targetHints":{"allow":["GET"]}}],"collection":[{"href":"http:\/\/suryn.pl\/index.php\/wp-json\/wp\/v2\/pages"}],"about":[{"href":"http:\/\/suryn.pl\/index.php\/wp-json\/wp\/v2\/types\/page"}],"author":[{"embeddable":true,"href":"http:\/\/suryn.pl\/index.php\/wp-json\/wp\/v2\/users\/1"}],"replies":[{"embeddable":true,"href":"http:\/\/suryn.pl\/index.php\/wp-json\/wp\/v2\/comments?post=2194"}],"version-history":[{"count":4,"href":"http:\/\/suryn.pl\/index.php\/wp-json\/wp\/v2\/pages\/2194\/revisions"}],"predecessor-version":[{"id":2681,"href":"http:\/\/suryn.pl\/index.php\/wp-json\/wp\/v2\/pages\/2194\/revisions\/2681"}],"wp:attachment":[{"href":"http:\/\/suryn.pl\/index.php\/wp-json\/wp\/v2\/media?parent=2194"}],"curies":[{"name":"wp","href":"https:\/\/api.w.org\/{rel}","templated":true}]}}