{"id":2185,"date":"2021-10-20T21:15:15","date_gmt":"2021-10-20T19:15:15","guid":{"rendered":"http:\/\/suryn.pl\/?page_id=2185"},"modified":"2021-12-21T17:06:50","modified_gmt":"2021-12-21T16:06:50","slug":"2185-2","status":"publish","type":"page","link":"http:\/\/suryn.pl\/index.php\/2185-2\/","title":{"rendered":""},"content":{"rendered":"\n<p><\/p>\n\n\n\n<p style=\"font-size:24px\"><strong>Pora naga<\/strong><\/p>\n\n\n\n<h2 class=\"wp-block-heading\">w szklanym powietrzu<\/h2>\n\n\n\n<h2 class=\"wp-block-heading\">stoi ptak<\/h2>\n\n\n\n<h2 class=\"wp-block-heading\">w trawy zapad\u0142 siwy wiatr<\/h2>\n\n\n\n<h2 class=\"wp-block-heading\">ten sen bez okien<\/h2>\n\n\n\n<h2 class=\"wp-block-heading\">nazwa\u0142a\u015b kiedy\u015b<\/h2>\n\n\n\n<h2 class=\"wp-block-heading\">listopadem<\/h2>\n\n\n\n<p><\/p>\n\n\n\n<div style=\"height:453px\" aria-hidden=\"true\" class=\"wp-block-spacer\"><\/div>\n\n\n\n<p class=\"has-text-align-right\"><a href=\"http:\/\/suryn.pl\/index.php\/wiersze-wszystkie\/\">Wszystkie wiersze<\/a><\/p>\n","protected":false},"excerpt":{"rendered":"<p>Pora naga w szklanym powietrzu stoi ptak w trawy zapad\u0142 siwy wiatr ten sen bez okien nazwa\u0142a\u015b kiedy\u015b listopadem Wszystkie wiersze<\/p>\n","protected":false},"author":1,"featured_media":0,"parent":0,"menu_order":0,"comment_status":"closed","ping_status":"closed","template":"","meta":{"footnotes":""},"class_list":["post-2185","page","type-page","status-publish","hentry"],"_links":{"self":[{"href":"http:\/\/suryn.pl\/index.php\/wp-json\/wp\/v2\/pages\/2185","targetHints":{"allow":["GET"]}}],"collection":[{"href":"http:\/\/suryn.pl\/index.php\/wp-json\/wp\/v2\/pages"}],"about":[{"href":"http:\/\/suryn.pl\/index.php\/wp-json\/wp\/v2\/types\/page"}],"author":[{"embeddable":true,"href":"http:\/\/suryn.pl\/index.php\/wp-json\/wp\/v2\/users\/1"}],"replies":[{"embeddable":true,"href":"http:\/\/suryn.pl\/index.php\/wp-json\/wp\/v2\/comments?post=2185"}],"version-history":[{"count":3,"href":"http:\/\/suryn.pl\/index.php\/wp-json\/wp\/v2\/pages\/2185\/revisions"}],"predecessor-version":[{"id":2881,"href":"http:\/\/suryn.pl\/index.php\/wp-json\/wp\/v2\/pages\/2185\/revisions\/2881"}],"wp:attachment":[{"href":"http:\/\/suryn.pl\/index.php\/wp-json\/wp\/v2\/media?parent=2185"}],"curies":[{"name":"wp","href":"https:\/\/api.w.org\/{rel}","templated":true}]}}