{"id":2183,"date":"2021-10-20T21:08:48","date_gmt":"2021-10-20T19:08:48","guid":{"rendered":"http:\/\/suryn.pl\/?page_id=2183"},"modified":"2021-10-21T19:07:32","modified_gmt":"2021-10-21T17:07:32","slug":"2183-2","status":"publish","type":"page","link":"http:\/\/suryn.pl\/index.php\/2183-2\/","title":{"rendered":""},"content":{"rendered":"\n<p><\/p>\n\n\n\n<h2 class=\"wp-block-heading\"><strong>P<\/strong>oluj\u0105 na ciebie<\/h2>\n\n\n\n<h2 class=\"wp-block-heading\">tysi\u0105ce zasadzek co dnia<\/h2>\n\n\n\n<h2 class=\"wp-block-heading\">i mg\u0142a my\u015bli<\/h2>\n\n\n\n<h2 class=\"wp-block-heading\">i siatka s\u0142\u00f3w<\/h2>\n\n\n\n<h2 class=\"wp-block-heading\">po to by\u015b wpad\u0142a w me serce<\/h2>\n\n\n\n<h2 class=\"wp-block-heading\">jak diament w rzek\u0119<\/h2>\n\n\n\n<h2 class=\"wp-block-heading\">czy s\u0142yszysz jak \u015bpiewam<\/h2>\n\n\n\n<h2 class=\"wp-block-heading\">czy widzisz jak ta\u0144cz\u0119<\/h2>\n\n\n\n<h2 class=\"wp-block-heading\">jestem jak w\u0105\u017c i go\u0142\u0105b<\/h2>\n\n\n\n<h2 class=\"wp-block-heading\">tylko po to<\/h2>\n\n\n\n<h2 class=\"wp-block-heading\">by\u015b wpad\u0142a w me ramiona<\/h2>\n\n\n\n<h2 class=\"wp-block-heading\">jak sarna w las<\/h2>\n\n\n\n<div style=\"height:498px\" aria-hidden=\"true\" class=\"wp-block-spacer\"><\/div>\n\n\n\n<p class=\"has-text-align-right\"><a href=\"http:\/\/suryn.pl\/index.php\/wiersze-wszystkie\/\">Wszystkie wiersze<\/a><\/p>\n","protected":false},"excerpt":{"rendered":"<p>Poluj\u0105 na ciebie tysi\u0105ce zasadzek co dnia i mg\u0142a my\u015bli i siatka s\u0142\u00f3w po to by\u015b wpad\u0142a w me serce jak diament w rzek\u0119 czy s\u0142yszysz jak \u015bpiewam czy widzisz jak ta\u0144cz\u0119 jestem jak w\u0105\u017c i go\u0142\u0105b tylko po to by\u015b wpad\u0142a w me ramiona jak sarna w las Wszystkie wiersze<\/p>\n","protected":false},"author":1,"featured_media":0,"parent":0,"menu_order":0,"comment_status":"closed","ping_status":"closed","template":"","meta":{"footnotes":""},"class_list":["post-2183","page","type-page","status-publish","hentry"],"_links":{"self":[{"href":"http:\/\/suryn.pl\/index.php\/wp-json\/wp\/v2\/pages\/2183","targetHints":{"allow":["GET"]}}],"collection":[{"href":"http:\/\/suryn.pl\/index.php\/wp-json\/wp\/v2\/pages"}],"about":[{"href":"http:\/\/suryn.pl\/index.php\/wp-json\/wp\/v2\/types\/page"}],"author":[{"embeddable":true,"href":"http:\/\/suryn.pl\/index.php\/wp-json\/wp\/v2\/users\/1"}],"replies":[{"embeddable":true,"href":"http:\/\/suryn.pl\/index.php\/wp-json\/wp\/v2\/comments?post=2183"}],"version-history":[{"count":2,"href":"http:\/\/suryn.pl\/index.php\/wp-json\/wp\/v2\/pages\/2183\/revisions"}],"predecessor-version":[{"id":2677,"href":"http:\/\/suryn.pl\/index.php\/wp-json\/wp\/v2\/pages\/2183\/revisions\/2677"}],"wp:attachment":[{"href":"http:\/\/suryn.pl\/index.php\/wp-json\/wp\/v2\/media?parent=2183"}],"curies":[{"name":"wp","href":"https:\/\/api.w.org\/{rel}","templated":true}]}}