{"id":2180,"date":"2021-10-20T21:06:59","date_gmt":"2021-10-20T19:06:59","guid":{"rendered":"http:\/\/suryn.pl\/?page_id=2180"},"modified":"2021-10-21T19:06:54","modified_gmt":"2021-10-21T17:06:54","slug":"2180-2","status":"publish","type":"page","link":"http:\/\/suryn.pl\/index.php\/2180-2\/","title":{"rendered":""},"content":{"rendered":"\n<p><\/p>\n\n\n\n<p style=\"font-size:24px\"><strong>Polowanie na po\u0142ow\u0119<\/strong><\/p>\n\n\n\n<h2 class=\"wp-block-heading\">bom p\u00f3\u0142sierota z niedorobionym \u015bwiatem<\/h2>\n\n\n\n<h2 class=\"wp-block-heading\">kaleka w wierze<\/h2>\n\n\n\n<h2 class=\"wp-block-heading\">inwalida w mocy<\/h2>\n\n\n\n<h2 class=\"wp-block-heading\">a wiem, \u017ce jest ona \u2013 moja druga po\u0142owa<\/h2>\n\n\n\n<h2 class=\"wp-block-heading\">daleko ja\u015bniejsza<\/h2>\n\n\n\n<h2 class=\"wp-block-heading\">z kt\u00f3r\u0105 po\u0142\u0105czony dopiero by\u0142bym<\/h2>\n\n\n\n<h2 class=\"wp-block-heading\">sob\u0105<\/h2>\n\n\n\n<div style=\"height:354px\" aria-hidden=\"true\" class=\"wp-block-spacer\"><\/div>\n\n\n\n<p class=\"has-text-align-right\"><a href=\"http:\/\/suryn.pl\/index.php\/wiersze-wszystkie\/\">Wszystkie wiersze<\/a><\/p>\n","protected":false},"excerpt":{"rendered":"<p>Polowanie na po\u0142ow\u0119 bom p\u00f3\u0142sierota z niedorobionym \u015bwiatem kaleka w wierze inwalida w mocy a wiem, \u017ce jest ona \u2013 moja druga po\u0142owa daleko ja\u015bniejsza z kt\u00f3r\u0105 po\u0142\u0105czony dopiero by\u0142bym sob\u0105 Wszystkie wiersze<\/p>\n","protected":false},"author":1,"featured_media":0,"parent":0,"menu_order":0,"comment_status":"closed","ping_status":"closed","template":"","meta":{"footnotes":""},"class_list":["post-2180","page","type-page","status-publish","hentry"],"_links":{"self":[{"href":"http:\/\/suryn.pl\/index.php\/wp-json\/wp\/v2\/pages\/2180","targetHints":{"allow":["GET"]}}],"collection":[{"href":"http:\/\/suryn.pl\/index.php\/wp-json\/wp\/v2\/pages"}],"about":[{"href":"http:\/\/suryn.pl\/index.php\/wp-json\/wp\/v2\/types\/page"}],"author":[{"embeddable":true,"href":"http:\/\/suryn.pl\/index.php\/wp-json\/wp\/v2\/users\/1"}],"replies":[{"embeddable":true,"href":"http:\/\/suryn.pl\/index.php\/wp-json\/wp\/v2\/comments?post=2180"}],"version-history":[{"count":2,"href":"http:\/\/suryn.pl\/index.php\/wp-json\/wp\/v2\/pages\/2180\/revisions"}],"predecessor-version":[{"id":2676,"href":"http:\/\/suryn.pl\/index.php\/wp-json\/wp\/v2\/pages\/2180\/revisions\/2676"}],"wp:attachment":[{"href":"http:\/\/suryn.pl\/index.php\/wp-json\/wp\/v2\/media?parent=2180"}],"curies":[{"name":"wp","href":"https:\/\/api.w.org\/{rel}","templated":true}]}}