{"id":2175,"date":"2021-10-20T21:05:56","date_gmt":"2021-10-20T19:05:56","guid":{"rendered":"http:\/\/suryn.pl\/?page_id=2175"},"modified":"2021-10-21T19:02:57","modified_gmt":"2021-10-21T17:02:57","slug":"2175-2","status":"publish","type":"page","link":"http:\/\/suryn.pl\/index.php\/2175-2\/","title":{"rendered":""},"content":{"rendered":"\n<p><\/p>\n\n\n\n<h2 class=\"wp-block-heading\">Poci\u0105g przejecha\u0142<\/h2>\n\n\n\n<h2 class=\"wp-block-heading\">wiatr w ogrodzie<\/h2>\n\n\n\n<h2 class=\"wp-block-heading\">motyle maj\u0105 swoje sprawy<\/h2>\n\n\n\n<h2 class=\"wp-block-heading\">wszystko to skutki, efekty<\/h2>\n\n\n\n<h2 class=\"wp-block-heading\">inaczej wygl\u0105da ta sama banalna chwila<\/h2>\n\n\n\n<h2 class=\"wp-block-heading\">gdy zostanie o\u015bwietlona Bogiem<\/h2>\n\n\n\n<h2 class=\"wp-block-heading\">\u017cycie nabiera mocy<\/h2>\n\n\n\n<h2 class=\"wp-block-heading\">a moc zaczyna mie\u0107 kierunek<\/h2>\n\n\n\n<div style=\"height:358px\" aria-hidden=\"true\" class=\"wp-block-spacer\"><\/div>\n\n\n\n<p class=\"has-text-align-right\"><a href=\"http:\/\/suryn.pl\/index.php\/wiersze-wszystkie\/\">Wszystkie wiersze<\/a><\/p>\n","protected":false},"excerpt":{"rendered":"<p>Poci\u0105g przejecha\u0142 wiatr w ogrodzie motyle maj\u0105 swoje sprawy wszystko to skutki, efekty inaczej wygl\u0105da ta sama banalna chwila gdy zostanie o\u015bwietlona Bogiem \u017cycie nabiera mocy a moc zaczyna mie\u0107 kierunek Wszystkie wiersze<\/p>\n","protected":false},"author":1,"featured_media":0,"parent":0,"menu_order":0,"comment_status":"closed","ping_status":"closed","template":"","meta":{"footnotes":""},"class_list":["post-2175","page","type-page","status-publish","hentry"],"_links":{"self":[{"href":"http:\/\/suryn.pl\/index.php\/wp-json\/wp\/v2\/pages\/2175","targetHints":{"allow":["GET"]}}],"collection":[{"href":"http:\/\/suryn.pl\/index.php\/wp-json\/wp\/v2\/pages"}],"about":[{"href":"http:\/\/suryn.pl\/index.php\/wp-json\/wp\/v2\/types\/page"}],"author":[{"embeddable":true,"href":"http:\/\/suryn.pl\/index.php\/wp-json\/wp\/v2\/users\/1"}],"replies":[{"embeddable":true,"href":"http:\/\/suryn.pl\/index.php\/wp-json\/wp\/v2\/comments?post=2175"}],"version-history":[{"count":4,"href":"http:\/\/suryn.pl\/index.php\/wp-json\/wp\/v2\/pages\/2175\/revisions"}],"predecessor-version":[{"id":2675,"href":"http:\/\/suryn.pl\/index.php\/wp-json\/wp\/v2\/pages\/2175\/revisions\/2675"}],"wp:attachment":[{"href":"http:\/\/suryn.pl\/index.php\/wp-json\/wp\/v2\/media?parent=2175"}],"curies":[{"name":"wp","href":"https:\/\/api.w.org\/{rel}","templated":true}]}}