{"id":2172,"date":"2021-10-20T21:04:14","date_gmt":"2021-10-20T19:04:14","guid":{"rendered":"http:\/\/suryn.pl\/?page_id=2172"},"modified":"2021-10-21T19:02:19","modified_gmt":"2021-10-21T17:02:19","slug":"2172-2","status":"publish","type":"page","link":"http:\/\/suryn.pl\/index.php\/2172-2\/","title":{"rendered":""},"content":{"rendered":"\n<p><\/p>\n\n\n\n<p style=\"font-size:24px\"><strong>Pistis Sophia<\/strong><\/p>\n\n\n\n<h2 class=\"wp-block-heading\">umar\u0142 w \u015bwietle<\/h2>\n\n\n\n<h2 class=\"wp-block-heading\">urodzi\u0142 si\u0119 w \u015bwietle<\/h2>\n\n\n\n<h2 class=\"wp-block-heading\">ciemno\u015b\u0107 zostawi\u0142 ciemno\u015bci<\/h2>\n\n\n\n<h2 class=\"wp-block-heading\">jego drogi s\u0105 naszymi<\/h2>\n\n\n\n<h2 class=\"wp-block-heading\">jego my\u015bli<\/h2>\n\n\n\n<h2 class=\"wp-block-heading\">jego czyny<\/h2>\n\n\n\n<h2 class=\"wp-block-heading\">jedyny a powt\u00f3rzony<\/h2>\n\n\n\n<h2 class=\"wp-block-heading\">znikam, by rosn\u0105\u0107<\/h2>\n\n\n\n<div style=\"height:320px\" aria-hidden=\"true\" class=\"wp-block-spacer\"><\/div>\n\n\n\n<p class=\"has-text-align-right\"><a href=\"http:\/\/suryn.pl\/index.php\/wiersze-wszystkie\/\">Wszystkie wiersze<\/a><\/p>\n","protected":false},"excerpt":{"rendered":"<p>Pistis Sophia umar\u0142 w \u015bwietle urodzi\u0142 si\u0119 w \u015bwietle ciemno\u015b\u0107 zostawi\u0142 ciemno\u015bci jego drogi s\u0105 naszymi jego my\u015bli jego czyny jedyny a powt\u00f3rzony znikam, by rosn\u0105\u0107 Wszystkie wiersze<\/p>\n","protected":false},"author":1,"featured_media":0,"parent":0,"menu_order":0,"comment_status":"closed","ping_status":"closed","template":"","meta":{"footnotes":""},"class_list":["post-2172","page","type-page","status-publish","hentry"],"_links":{"self":[{"href":"http:\/\/suryn.pl\/index.php\/wp-json\/wp\/v2\/pages\/2172","targetHints":{"allow":["GET"]}}],"collection":[{"href":"http:\/\/suryn.pl\/index.php\/wp-json\/wp\/v2\/pages"}],"about":[{"href":"http:\/\/suryn.pl\/index.php\/wp-json\/wp\/v2\/types\/page"}],"author":[{"embeddable":true,"href":"http:\/\/suryn.pl\/index.php\/wp-json\/wp\/v2\/users\/1"}],"replies":[{"embeddable":true,"href":"http:\/\/suryn.pl\/index.php\/wp-json\/wp\/v2\/comments?post=2172"}],"version-history":[{"count":2,"href":"http:\/\/suryn.pl\/index.php\/wp-json\/wp\/v2\/pages\/2172\/revisions"}],"predecessor-version":[{"id":2674,"href":"http:\/\/suryn.pl\/index.php\/wp-json\/wp\/v2\/pages\/2172\/revisions\/2674"}],"wp:attachment":[{"href":"http:\/\/suryn.pl\/index.php\/wp-json\/wp\/v2\/media?parent=2172"}],"curies":[{"name":"wp","href":"https:\/\/api.w.org\/{rel}","templated":true}]}}