{"id":2166,"date":"2021-10-20T21:02:06","date_gmt":"2021-10-20T19:02:06","guid":{"rendered":"http:\/\/suryn.pl\/?page_id=2166"},"modified":"2021-10-21T18:59:28","modified_gmt":"2021-10-21T16:59:28","slug":"2166-2","status":"publish","type":"page","link":"http:\/\/suryn.pl\/index.php\/2166-2\/","title":{"rendered":""},"content":{"rendered":"\n<p><\/p>\n\n\n\n<p><\/p>\n\n\n\n<p style=\"font-size:24px\"><strong>Pejza\u017c ba\u0142tycki<\/strong><\/p>\n\n\n\n<p><\/p>\n\n\n\n<h2 class=\"wp-block-heading\">tyle b\u0142\u0119kitu i spokoju<\/h2>\n\n\n\n<h2 class=\"wp-block-heading\">sosny<\/h2>\n\n\n\n<h2 class=\"wp-block-heading\">jak palmy<\/h2>\n\n\n\n<h2 class=\"wp-block-heading\">i tych dwoje co znika<\/h2>\n\n\n\n<h2 class=\"wp-block-heading\">z obrazu<\/h2>\n\n\n\n<h2 class=\"wp-block-heading\">chcia\u0142bym tam by\u0107 o takiej porze<\/h2>\n\n\n\n<h2 class=\"wp-block-heading\">kiedy morze \u015bpi<\/h2>\n\n\n\n<h2 class=\"wp-block-heading\">a bestia syta<\/h2>\n\n\n\n<h2 class=\"wp-block-heading\">sypa\u0142bym piasek<\/h2>\n\n\n\n<h2 class=\"wp-block-heading\">z r\u0119ki do r\u0119ki<\/h2>\n\n\n\n<h2 class=\"wp-block-heading\">wchodzi\u0142bym w b\u0142\u0119kit<\/h2>\n\n\n\n<h2 class=\"wp-block-heading\">i te\u017c znika\u0142<\/h2>\n\n\n\n<div style=\"height:100px\" aria-hidden=\"true\" class=\"wp-block-spacer\"><\/div>\n\n\n\n<p class=\"has-text-align-right\"><a href=\"http:\/\/suryn.pl\/index.php\/wiersze-wszystkie\/\">Wszystkie wiersze<\/a><\/p>\n","protected":false},"excerpt":{"rendered":"<p>Pejza\u017c ba\u0142tycki tyle b\u0142\u0119kitu i spokoju sosny jak palmy i tych dwoje co znika z obrazu chcia\u0142bym tam by\u0107 o takiej porze kiedy morze \u015bpi a bestia syta sypa\u0142bym piasek z r\u0119ki do r\u0119ki wchodzi\u0142bym w b\u0142\u0119kit i te\u017c znika\u0142 Wszystkie wiersze<\/p>\n","protected":false},"author":1,"featured_media":0,"parent":0,"menu_order":0,"comment_status":"closed","ping_status":"closed","template":"","meta":{"footnotes":""},"class_list":["post-2166","page","type-page","status-publish","hentry"],"_links":{"self":[{"href":"http:\/\/suryn.pl\/index.php\/wp-json\/wp\/v2\/pages\/2166","targetHints":{"allow":["GET"]}}],"collection":[{"href":"http:\/\/suryn.pl\/index.php\/wp-json\/wp\/v2\/pages"}],"about":[{"href":"http:\/\/suryn.pl\/index.php\/wp-json\/wp\/v2\/types\/page"}],"author":[{"embeddable":true,"href":"http:\/\/suryn.pl\/index.php\/wp-json\/wp\/v2\/users\/1"}],"replies":[{"embeddable":true,"href":"http:\/\/suryn.pl\/index.php\/wp-json\/wp\/v2\/comments?post=2166"}],"version-history":[{"count":2,"href":"http:\/\/suryn.pl\/index.php\/wp-json\/wp\/v2\/pages\/2166\/revisions"}],"predecessor-version":[{"id":2670,"href":"http:\/\/suryn.pl\/index.php\/wp-json\/wp\/v2\/pages\/2166\/revisions\/2670"}],"wp:attachment":[{"href":"http:\/\/suryn.pl\/index.php\/wp-json\/wp\/v2\/media?parent=2166"}],"curies":[{"name":"wp","href":"https:\/\/api.w.org\/{rel}","templated":true}]}}