{"id":2163,"date":"2021-10-20T20:59:24","date_gmt":"2021-10-20T18:59:24","guid":{"rendered":"http:\/\/suryn.pl\/?page_id=2163"},"modified":"2021-10-21T18:58:48","modified_gmt":"2021-10-21T16:58:48","slug":"2163-2","status":"publish","type":"page","link":"http:\/\/suryn.pl\/index.php\/2163-2\/","title":{"rendered":""},"content":{"rendered":"\n<p><\/p>\n\n\n\n<p><em>Tannie<\/em><\/p>\n\n\n\n<p><\/p>\n\n\n\n<h2 class=\"wp-block-heading\"><strong>P<\/strong>atrz uwa\u017cnie<\/h2>\n\n\n\n<h2 class=\"wp-block-heading\">nie daj si\u0119 zaskoczy\u0107<\/h2>\n\n\n\n<h2 class=\"wp-block-heading\">demonowi baroku<\/h2>\n\n\n\n<h2 class=\"wp-block-heading\">trwaj nieporuszony<\/h2>\n\n\n\n<h2 class=\"wp-block-heading\">w niebie swojego oddechu<\/h2>\n\n\n\n<h2 class=\"wp-block-heading\">odpada metafizyczny<\/h2>\n\n\n\n<h2 class=\"wp-block-heading\">ornament<\/h2>\n\n\n\n<h2 class=\"wp-block-heading\">m\u00f3zg suchy li\u015b\u0107<\/h2>\n\n\n\n<h2 class=\"wp-block-heading\">jest przezroczysty<\/h2>\n\n\n\n<h2 class=\"wp-block-heading\">czysty<\/h2>\n\n\n\n<h2 class=\"wp-block-heading\">ty<\/h2>\n\n\n\n<h2 class=\"wp-block-heading\">y<\/h2>\n\n\n\n<div style=\"height:356px\" aria-hidden=\"true\" class=\"wp-block-spacer\"><\/div>\n\n\n\n<p class=\"has-text-align-right\"><a href=\"http:\/\/suryn.pl\/index.php\/wiersze-wszystkie\/\">Wszystkie wiersze<\/a><\/p>\n","protected":false},"excerpt":{"rendered":"<p>Tannie Patrz uwa\u017cnie nie daj si\u0119 zaskoczy\u0107 demonowi baroku trwaj nieporuszony w niebie swojego oddechu odpada metafizyczny ornament m\u00f3zg suchy li\u015b\u0107 jest przezroczysty czysty ty y Wszystkie wiersze<\/p>\n","protected":false},"author":1,"featured_media":0,"parent":0,"menu_order":0,"comment_status":"closed","ping_status":"closed","template":"","meta":{"footnotes":""},"class_list":["post-2163","page","type-page","status-publish","hentry"],"_links":{"self":[{"href":"http:\/\/suryn.pl\/index.php\/wp-json\/wp\/v2\/pages\/2163","targetHints":{"allow":["GET"]}}],"collection":[{"href":"http:\/\/suryn.pl\/index.php\/wp-json\/wp\/v2\/pages"}],"about":[{"href":"http:\/\/suryn.pl\/index.php\/wp-json\/wp\/v2\/types\/page"}],"author":[{"embeddable":true,"href":"http:\/\/suryn.pl\/index.php\/wp-json\/wp\/v2\/users\/1"}],"replies":[{"embeddable":true,"href":"http:\/\/suryn.pl\/index.php\/wp-json\/wp\/v2\/comments?post=2163"}],"version-history":[{"count":2,"href":"http:\/\/suryn.pl\/index.php\/wp-json\/wp\/v2\/pages\/2163\/revisions"}],"predecessor-version":[{"id":2669,"href":"http:\/\/suryn.pl\/index.php\/wp-json\/wp\/v2\/pages\/2163\/revisions\/2669"}],"wp:attachment":[{"href":"http:\/\/suryn.pl\/index.php\/wp-json\/wp\/v2\/media?parent=2163"}],"curies":[{"name":"wp","href":"https:\/\/api.w.org\/{rel}","templated":true}]}}