{"id":2154,"date":"2021-10-20T20:55:33","date_gmt":"2021-10-20T18:55:33","guid":{"rendered":"http:\/\/suryn.pl\/?page_id=2154"},"modified":"2021-10-21T18:56:42","modified_gmt":"2021-10-21T16:56:42","slug":"2154-2","status":"publish","type":"page","link":"http:\/\/suryn.pl\/index.php\/2154-2\/","title":{"rendered":""},"content":{"rendered":"\n<p><\/p>\n\n\n\n<p style=\"font-size:24px\"><strong>Paruzja<\/strong><\/p>\n\n\n\n<p><\/p>\n\n\n\n<h2 class=\"wp-block-heading\">patrzysz \u2013 nie wierzysz<\/h2>\n\n\n\n<h2 class=\"wp-block-heading\">nie ma czasu<\/h2>\n\n\n\n<h2 class=\"wp-block-heading\">oddychasz przestrzeni\u0105<\/h2>\n\n\n\n<h2 class=\"wp-block-heading\">cia\u0142em Boga<\/h2>\n\n\n\n<h2 class=\"wp-block-heading\">rze\u015bki wiatr prawdy&nbsp;<\/h2>\n\n\n\n<h2 class=\"wp-block-heading\">rozwia\u0142 opary ob\u0142\u0119du<\/h2>\n\n\n\n<h2 class=\"wp-block-heading\">ziemia po\u0142yka wod\u0119<\/h2>\n\n\n\n<h2 class=\"wp-block-heading\">woda po\u017cera ogie\u0144<\/h2>\n\n\n\n<h2 class=\"wp-block-heading\">ogie\u0144 znika w powietrzu<\/h2>\n\n\n\n<h2 class=\"wp-block-heading\">Jam jest Ten, Kt\u00f3ry Jest<\/h2>\n\n\n\n<div style=\"height:100px\" aria-hidden=\"true\" class=\"wp-block-spacer\"><\/div>\n\n\n\n<p class=\"has-text-align-right\"><a href=\"http:\/\/suryn.pl\/index.php\/wiersze-wszystkie\/\">Wszystkie wiersze<\/a><\/p>\n","protected":false},"excerpt":{"rendered":"<p>Paruzja patrzysz \u2013 nie wierzysz nie ma czasu oddychasz przestrzeni\u0105 cia\u0142em Boga rze\u015bki wiatr prawdy&nbsp; rozwia\u0142 opary ob\u0142\u0119du ziemia po\u0142yka wod\u0119 woda po\u017cera ogie\u0144 ogie\u0144 znika w powietrzu Jam jest Ten, Kt\u00f3ry Jest Wszystkie wiersze<\/p>\n","protected":false},"author":1,"featured_media":0,"parent":0,"menu_order":0,"comment_status":"closed","ping_status":"closed","template":"","meta":{"footnotes":""},"class_list":["post-2154","page","type-page","status-publish","hentry"],"_links":{"self":[{"href":"http:\/\/suryn.pl\/index.php\/wp-json\/wp\/v2\/pages\/2154","targetHints":{"allow":["GET"]}}],"collection":[{"href":"http:\/\/suryn.pl\/index.php\/wp-json\/wp\/v2\/pages"}],"about":[{"href":"http:\/\/suryn.pl\/index.php\/wp-json\/wp\/v2\/types\/page"}],"author":[{"embeddable":true,"href":"http:\/\/suryn.pl\/index.php\/wp-json\/wp\/v2\/users\/1"}],"replies":[{"embeddable":true,"href":"http:\/\/suryn.pl\/index.php\/wp-json\/wp\/v2\/comments?post=2154"}],"version-history":[{"count":2,"href":"http:\/\/suryn.pl\/index.php\/wp-json\/wp\/v2\/pages\/2154\/revisions"}],"predecessor-version":[{"id":2665,"href":"http:\/\/suryn.pl\/index.php\/wp-json\/wp\/v2\/pages\/2154\/revisions\/2665"}],"wp:attachment":[{"href":"http:\/\/suryn.pl\/index.php\/wp-json\/wp\/v2\/media?parent=2154"}],"curies":[{"name":"wp","href":"https:\/\/api.w.org\/{rel}","templated":true}]}}