{"id":2151,"date":"2021-10-20T20:54:26","date_gmt":"2021-10-20T18:54:26","guid":{"rendered":"http:\/\/suryn.pl\/?page_id=2151"},"modified":"2021-10-21T18:56:06","modified_gmt":"2021-10-21T16:56:06","slug":"2151-2","status":"publish","type":"page","link":"http:\/\/suryn.pl\/index.php\/2151-2\/","title":{"rendered":""},"content":{"rendered":"\n<p><\/p>\n\n\n\n<p style=\"font-size:24px\"><strong>Panie, \u015bni\u0142em dzi\u015b konie&#8230;.<\/strong><\/p>\n\n\n\n<p><\/p>\n\n\n\n<h2 class=\"wp-block-heading\">jeste\u015b g\u0142odny wi\u0119c \u017cyjesz<\/h2>\n\n\n\n<h2 class=\"wp-block-heading\">&#8211; jaki to g\u0142\u00f3d?<\/h2>\n\n\n\n<h2 class=\"wp-block-heading\">to g\u0142\u00f3d storczyk\u00f3w<\/h2>\n\n\n\n<h2 class=\"wp-block-heading\">a wok\u00f3\u0142 mnie betonowe korwety<\/h2>\n\n\n\n<h2 class=\"wp-block-heading\">pe\u0142ne robinson\u00f3w i proroczych telewizor\u00f3w<\/h2>\n\n\n\n<h2 class=\"wp-block-heading\">i era gad\u00f3w si\u0119 nie sko\u0144czy\u0142a<\/h2>\n\n\n\n<h2 class=\"wp-block-heading\">&#8211; czy widujesz j\u0105?<\/h2>\n\n\n\n<h2 class=\"wp-block-heading\">tak! pod\u0105\u017ca ku mnie ruchem<\/h2>\n\n\n\n<h2 class=\"wp-block-heading\">jednostajnie genetycznym<\/h2>\n\n\n\n<h2 class=\"wp-block-heading\">siej\u0105c bomby zegarowe<\/h2>\n\n\n\n<h2 class=\"wp-block-heading\">&#8211; a twoje serce?<\/h2>\n\n\n\n<h2 class=\"wp-block-heading\">serce mam najnowsze<\/h2>\n\n\n\n<h2 class=\"wp-block-heading\">i pe\u0142ne klaustrofobii<\/h2>\n\n\n\n<h2 class=\"wp-block-heading\">&#8211; czy modlisz si\u0119 jeszcze?<\/h2>\n\n\n\n<h2 class=\"wp-block-heading\">tak. Jak zawsze rano w barze mlecznym<\/h2>\n\n\n\n<h2 class=\"wp-block-heading\">&#8211; wiesz, \u017ce jeste\u015b wybra\u0144cem?<\/h2>\n\n\n\n<h2 class=\"wp-block-heading\">tak: Panie<\/h2>\n\n\n\n<h2 class=\"wp-block-heading\">Panie, \u015bni\u0142em dzi\u015b konie i \u2026.<\/h2>\n\n\n\n<div style=\"height:100px\" aria-hidden=\"true\" class=\"wp-block-spacer\"><\/div>\n\n\n\n<p class=\"has-text-align-right\"><a href=\"http:\/\/suryn.pl\/index.php\/wiersze-wszystkie\/\">Wszystkie wiersze<\/a><\/p>\n","protected":false},"excerpt":{"rendered":"<p>Panie, \u015bni\u0142em dzi\u015b konie&#8230;. jeste\u015b g\u0142odny wi\u0119c \u017cyjesz &#8211; jaki to g\u0142\u00f3d? to g\u0142\u00f3d storczyk\u00f3w a wok\u00f3\u0142 mnie betonowe korwety pe\u0142ne robinson\u00f3w i proroczych telewizor\u00f3w i era gad\u00f3w si\u0119 nie sko\u0144czy\u0142a &#8211; czy widujesz j\u0105? tak! pod\u0105\u017ca ku mnie ruchem jednostajnie genetycznym siej\u0105c bomby zegarowe &#8211; a twoje serce? serce mam najnowsze i pe\u0142ne klaustrofobii &#8211; czy modlisz si\u0119 jeszcze? &#8230;<\/p>\n","protected":false},"author":1,"featured_media":0,"parent":0,"menu_order":0,"comment_status":"closed","ping_status":"closed","template":"","meta":{"footnotes":""},"class_list":["post-2151","page","type-page","status-publish","hentry"],"_links":{"self":[{"href":"http:\/\/suryn.pl\/index.php\/wp-json\/wp\/v2\/pages\/2151","targetHints":{"allow":["GET"]}}],"collection":[{"href":"http:\/\/suryn.pl\/index.php\/wp-json\/wp\/v2\/pages"}],"about":[{"href":"http:\/\/suryn.pl\/index.php\/wp-json\/wp\/v2\/types\/page"}],"author":[{"embeddable":true,"href":"http:\/\/suryn.pl\/index.php\/wp-json\/wp\/v2\/users\/1"}],"replies":[{"embeddable":true,"href":"http:\/\/suryn.pl\/index.php\/wp-json\/wp\/v2\/comments?post=2151"}],"version-history":[{"count":4,"href":"http:\/\/suryn.pl\/index.php\/wp-json\/wp\/v2\/pages\/2151\/revisions"}],"predecessor-version":[{"id":2664,"href":"http:\/\/suryn.pl\/index.php\/wp-json\/wp\/v2\/pages\/2151\/revisions\/2664"}],"wp:attachment":[{"href":"http:\/\/suryn.pl\/index.php\/wp-json\/wp\/v2\/media?parent=2151"}],"curies":[{"name":"wp","href":"https:\/\/api.w.org\/{rel}","templated":true}]}}