{"id":2147,"date":"2021-10-20T20:51:41","date_gmt":"2021-10-20T18:51:41","guid":{"rendered":"http:\/\/suryn.pl\/?page_id=2147"},"modified":"2021-10-21T18:52:51","modified_gmt":"2021-10-21T16:52:51","slug":"2147-2","status":"publish","type":"page","link":"http:\/\/suryn.pl\/index.php\/2147-2\/","title":{"rendered":""},"content":{"rendered":"\n<p><\/p>\n\n\n\n<p style=\"font-size:24px\"><strong>Pami\u0119ci Brunona z Kwerfurtu<\/strong><\/p>\n\n\n\n<h2 class=\"wp-block-heading\">s\u0142o\u0144ce chybota\u0142o si\u0119 nad jeziorem<\/h2>\n\n\n\n<h2 class=\"wp-block-heading\">\u015bwiat rozbiera\u0142 si\u0119 na naszych oczach<\/h2>\n\n\n\n<h2 class=\"wp-block-heading\">pili\u015bmy w\u00f3dk\u0119 \u2013 Wojtek, Agnieszka i ja<\/h2>\n\n\n\n<h2 class=\"wp-block-heading\">na wzg\u00f3rzu za miastem pod krzy\u017cem \u015bw. Brunona<\/h2>\n\n\n\n<h2 class=\"wp-block-heading\">fenomeny p\u0119cznia\u0142y, s\u0142owa nazywa\u0142y<\/h2>\n\n\n\n<h2 class=\"wp-block-heading\">gesty znaczy\u0142y. \u00d3w dzielny Brunon<\/h2>\n\n\n\n<h2 class=\"wp-block-heading\">zgin\u0105 w\u0142a\u015bnie tu, bo zachowa\u0142 si\u0119&nbsp;<\/h2>\n\n\n\n<h2 class=\"wp-block-heading\">nieprzystojnie, obrazi\u0142 tubylc\u00f3w,<\/h2>\n\n\n\n<h2 class=\"wp-block-heading\">wi\u0119c naszpikowali go w\u0142\u00f3czniami<\/h2>\n\n\n\n<h2 class=\"wp-block-heading\">uwalniaj\u0105c gorliw\u0105 dusz\u0119<\/h2>\n\n\n\n<h2 class=\"wp-block-heading\">a cia\u0142o pod nami<\/h2>\n\n\n\n<h2 class=\"wp-block-heading\">sp\u0142yn\u0119\u0142o wodami do jeziora<\/h2>\n\n\n\n<h2 class=\"wp-block-heading\">kilka kropel w\u00f3dki na kamie\u0144<\/h2>\n\n\n\n<h2 class=\"wp-block-heading\">\u015bmiech Wojtka, para \u0142ab\u0119dzi p\u0142ynie i p\u0142ynie<\/h2>\n\n\n\n<h2 class=\"wp-block-heading\">Agnieszka zaci\u0105ga si\u0119 dymem a\u017c do st\u00f3p<\/h2>\n\n\n\n<h2 class=\"wp-block-heading\">i co\u015b m\u00f3wi<\/h2>\n\n\n\n<h2 class=\"wp-block-heading\">ja ju\u017c nad ziemi\u0105 widz\u0119 o wiele za du\u017co<\/h2>\n\n\n\n<h2 class=\"wp-block-heading\">Heraklit, Brunon, Chrystus<\/h2>\n\n\n\n<h2 class=\"wp-block-heading\">i dziesi\u0119\u0107 tysi\u0119cy istnie\u0144 \u015bpiewa pie\u015b\u0144<\/h2>\n\n\n\n<h2 class=\"wp-block-heading\">wielkiego uwolnienia<\/h2>\n\n\n\n<h2 class=\"wp-block-heading\">jaki ja \u2013 taki \u015bwiat<\/h2>\n\n\n\n<h2 class=\"wp-block-heading\">ta\u0144cz\u0105 elementy<\/h2>\n\n\n\n<h2 class=\"wp-block-heading\">sfery przygrywaj\u0105<\/h2>\n\n\n\n<h2 class=\"wp-block-heading\">w\u0119dkarz macha ku nam<\/h2>\n\n\n\n<h2 class=\"wp-block-heading\">r\u0119k\u0105, za chwil\u0119 brzegiem jeziora<\/h2>\n\n\n\n<h2 class=\"wp-block-heading\">przejedzie poci\u0105g. Zapyta\u0142em Oczywisto\u015b\u0107 &#8211;<\/h2>\n\n\n\n<h2 class=\"wp-block-heading\">co mam zrobi\u0107? Us\u0142ysza\u0142em wilg\u0119 i szept<\/h2>\n\n\n\n<h2 class=\"wp-block-heading\">&#8211; Pu\u015b\u0107 to czego nie ma<\/h2>\n\n\n\n<p><\/p>\n\n\n\n<div style=\"height:100px\" aria-hidden=\"true\" class=\"wp-block-spacer\"><\/div>\n\n\n\n<p class=\"has-text-align-right\"><a href=\"http:\/\/suryn.pl\/index.php\/wiersze-wszystkie\/\">Wszystkie wiersze<\/a><\/p>\n","protected":false},"excerpt":{"rendered":"<p>Pami\u0119ci Brunona z Kwerfurtu s\u0142o\u0144ce chybota\u0142o si\u0119 nad jeziorem \u015bwiat rozbiera\u0142 si\u0119 na naszych oczach pili\u015bmy w\u00f3dk\u0119 \u2013 Wojtek, Agnieszka i ja na wzg\u00f3rzu za miastem pod krzy\u017cem \u015bw. Brunona fenomeny p\u0119cznia\u0142y, s\u0142owa nazywa\u0142y gesty znaczy\u0142y. \u00d3w dzielny Brunon zgin\u0105 w\u0142a\u015bnie tu, bo zachowa\u0142 si\u0119&nbsp; nieprzystojnie, obrazi\u0142 tubylc\u00f3w, wi\u0119c naszpikowali go w\u0142\u00f3czniami uwalniaj\u0105c gorliw\u0105 dusz\u0119 a cia\u0142o pod nami sp\u0142yn\u0119\u0142o &#8230;<\/p>\n","protected":false},"author":1,"featured_media":0,"parent":0,"menu_order":0,"comment_status":"closed","ping_status":"closed","template":"","meta":{"footnotes":""},"class_list":["post-2147","page","type-page","status-publish","hentry"],"_links":{"self":[{"href":"http:\/\/suryn.pl\/index.php\/wp-json\/wp\/v2\/pages\/2147","targetHints":{"allow":["GET"]}}],"collection":[{"href":"http:\/\/suryn.pl\/index.php\/wp-json\/wp\/v2\/pages"}],"about":[{"href":"http:\/\/suryn.pl\/index.php\/wp-json\/wp\/v2\/types\/page"}],"author":[{"embeddable":true,"href":"http:\/\/suryn.pl\/index.php\/wp-json\/wp\/v2\/users\/1"}],"replies":[{"embeddable":true,"href":"http:\/\/suryn.pl\/index.php\/wp-json\/wp\/v2\/comments?post=2147"}],"version-history":[{"count":2,"href":"http:\/\/suryn.pl\/index.php\/wp-json\/wp\/v2\/pages\/2147\/revisions"}],"predecessor-version":[{"id":2661,"href":"http:\/\/suryn.pl\/index.php\/wp-json\/wp\/v2\/pages\/2147\/revisions\/2661"}],"wp:attachment":[{"href":"http:\/\/suryn.pl\/index.php\/wp-json\/wp\/v2\/media?parent=2147"}],"curies":[{"name":"wp","href":"https:\/\/api.w.org\/{rel}","templated":true}]}}