{"id":2142,"date":"2021-10-20T20:50:30","date_gmt":"2021-10-20T18:50:30","guid":{"rendered":"http:\/\/suryn.pl\/?page_id=2142"},"modified":"2021-10-21T18:52:12","modified_gmt":"2021-10-21T16:52:12","slug":"2142-2","status":"publish","type":"page","link":"http:\/\/suryn.pl\/index.php\/2142-2\/","title":{"rendered":""},"content":{"rendered":"\n<p><\/p>\n\n\n\n<h2 class=\"wp-block-heading\"><strong>P<\/strong>al\u0119 wyobra\u017ani\u0119&nbsp;&nbsp;<\/h2>\n\n\n\n<h2 class=\"wp-block-heading\">umys\u0142 zatapiam<\/h2>\n\n\n\n<h2 class=\"wp-block-heading\">powierzam si\u0119 Bogu<\/h2>\n\n\n\n<h2 class=\"wp-block-heading\">nieznanego imienia<\/h2>\n\n\n\n<h2 class=\"wp-block-heading\">wracam do dziecka<\/h2>\n\n\n\n<h2 class=\"wp-block-heading\">kt\u00f3re \u015bwiat mi odebra\u0142<\/h2>\n\n\n\n<h2 class=\"wp-block-heading\">zmys\u0142y nie k\u0142ami\u0105<\/h2>\n\n\n\n<h2 class=\"wp-block-heading\">Duch wionie przeze mnie<\/h2>\n\n\n\n<h2 class=\"wp-block-heading\">k\u0119dy chce<\/h2>\n\n\n\n<div style=\"height:327px\" aria-hidden=\"true\" class=\"wp-block-spacer\"><\/div>\n\n\n\n<p class=\"has-text-align-right\"><a href=\"http:\/\/suryn.pl\/index.php\/wiersze-wszystkie\/\">Wszystkie wiersze<\/a><\/p>\n","protected":false},"excerpt":{"rendered":"<p>Pal\u0119 wyobra\u017ani\u0119&nbsp;&nbsp; umys\u0142 zatapiam powierzam si\u0119 Bogu nieznanego imienia wracam do dziecka kt\u00f3re \u015bwiat mi odebra\u0142 zmys\u0142y nie k\u0142ami\u0105 Duch wionie przeze mnie k\u0119dy chce Wszystkie wiersze<\/p>\n","protected":false},"author":1,"featured_media":0,"parent":0,"menu_order":0,"comment_status":"closed","ping_status":"closed","template":"","meta":{"footnotes":""},"class_list":["post-2142","page","type-page","status-publish","hentry"],"_links":{"self":[{"href":"http:\/\/suryn.pl\/index.php\/wp-json\/wp\/v2\/pages\/2142","targetHints":{"allow":["GET"]}}],"collection":[{"href":"http:\/\/suryn.pl\/index.php\/wp-json\/wp\/v2\/pages"}],"about":[{"href":"http:\/\/suryn.pl\/index.php\/wp-json\/wp\/v2\/types\/page"}],"author":[{"embeddable":true,"href":"http:\/\/suryn.pl\/index.php\/wp-json\/wp\/v2\/users\/1"}],"replies":[{"embeddable":true,"href":"http:\/\/suryn.pl\/index.php\/wp-json\/wp\/v2\/comments?post=2142"}],"version-history":[{"count":4,"href":"http:\/\/suryn.pl\/index.php\/wp-json\/wp\/v2\/pages\/2142\/revisions"}],"predecessor-version":[{"id":2660,"href":"http:\/\/suryn.pl\/index.php\/wp-json\/wp\/v2\/pages\/2142\/revisions\/2660"}],"wp:attachment":[{"href":"http:\/\/suryn.pl\/index.php\/wp-json\/wp\/v2\/media?parent=2142"}],"curies":[{"name":"wp","href":"https:\/\/api.w.org\/{rel}","templated":true}]}}