{"id":2131,"date":"2021-10-20T20:45:38","date_gmt":"2021-10-20T18:45:38","guid":{"rendered":"http:\/\/suryn.pl\/?page_id=2131"},"modified":"2021-10-21T18:48:58","modified_gmt":"2021-10-21T16:48:58","slug":"2131-2","status":"publish","type":"page","link":"http:\/\/suryn.pl\/index.php\/2131-2\/","title":{"rendered":""},"content":{"rendered":"\n<p><\/p>\n\n\n\n<p style=\"font-size:24px\"><strong>Oto tajemnica wiary<\/strong><\/p>\n\n\n\n<p><\/p>\n\n\n\n<p><\/p>\n\n\n\n<h2 class=\"wp-block-heading\">oko w oko z Tob\u0105<\/h2>\n\n\n\n<h2 class=\"wp-block-heading\">serce w serce<\/h2>\n\n\n\n<h2 class=\"wp-block-heading\">ranek w wiecz\u00f3r<\/h2>\n\n\n\n<h2 class=\"wp-block-heading\">wiecz\u00f3r w ranek<\/h2>\n\n\n\n<h2 class=\"wp-block-heading\">cokolwiek robisz<\/h2>\n\n\n\n<h2 class=\"wp-block-heading\">nie odchodzisz<\/h2>\n\n\n\n<h2 class=\"wp-block-heading\">nasze my\u015bli \u2013 Anio\u0142y<\/h2>\n\n\n\n<h2 class=\"wp-block-heading\">pos\u0142a\u0144cy drogi<\/h2>\n\n\n\n<h2 class=\"wp-block-heading\">mi\u0119dzy Tob\u0105 a mn\u0105<\/h2>\n\n\n\n<h2 class=\"wp-block-heading\">mi\u0142o\u015b\u0107 przebrana za \u017cycie<\/h2>\n\n\n\n<h2 class=\"wp-block-heading\">jawnie i skrycie<\/h2>\n\n\n\n<h2 class=\"wp-block-heading\">wzajemnie i niezmiennie trwa<\/h2>\n\n\n\n<div style=\"height:100px\" aria-hidden=\"true\" class=\"wp-block-spacer\"><\/div>\n\n\n\n<p class=\"has-text-align-right\"><a href=\"http:\/\/suryn.pl\/index.php\/wiersze-wszystkie\/\">Wszystkie wiersze<\/a><\/p>\n","protected":false},"excerpt":{"rendered":"<p>Oto tajemnica wiary oko w oko z Tob\u0105 serce w serce ranek w wiecz\u00f3r wiecz\u00f3r w ranek cokolwiek robisz nie odchodzisz nasze my\u015bli \u2013 Anio\u0142y pos\u0142a\u0144cy drogi mi\u0119dzy Tob\u0105 a mn\u0105 mi\u0142o\u015b\u0107 przebrana za \u017cycie jawnie i skrycie wzajemnie i niezmiennie trwa Wszystkie wiersze<\/p>\n","protected":false},"author":1,"featured_media":0,"parent":0,"menu_order":0,"comment_status":"closed","ping_status":"closed","template":"","meta":{"footnotes":""},"class_list":["post-2131","page","type-page","status-publish","hentry"],"_links":{"self":[{"href":"http:\/\/suryn.pl\/index.php\/wp-json\/wp\/v2\/pages\/2131","targetHints":{"allow":["GET"]}}],"collection":[{"href":"http:\/\/suryn.pl\/index.php\/wp-json\/wp\/v2\/pages"}],"about":[{"href":"http:\/\/suryn.pl\/index.php\/wp-json\/wp\/v2\/types\/page"}],"author":[{"embeddable":true,"href":"http:\/\/suryn.pl\/index.php\/wp-json\/wp\/v2\/users\/1"}],"replies":[{"embeddable":true,"href":"http:\/\/suryn.pl\/index.php\/wp-json\/wp\/v2\/comments?post=2131"}],"version-history":[{"count":2,"href":"http:\/\/suryn.pl\/index.php\/wp-json\/wp\/v2\/pages\/2131\/revisions"}],"predecessor-version":[{"id":2656,"href":"http:\/\/suryn.pl\/index.php\/wp-json\/wp\/v2\/pages\/2131\/revisions\/2656"}],"wp:attachment":[{"href":"http:\/\/suryn.pl\/index.php\/wp-json\/wp\/v2\/media?parent=2131"}],"curies":[{"name":"wp","href":"https:\/\/api.w.org\/{rel}","templated":true}]}}