{"id":2122,"date":"2021-10-20T20:41:35","date_gmt":"2021-10-20T18:41:35","guid":{"rendered":"http:\/\/suryn.pl\/?page_id=2122"},"modified":"2021-10-21T18:20:20","modified_gmt":"2021-10-21T16:20:20","slug":"2122-2","status":"publish","type":"page","link":"http:\/\/suryn.pl\/index.php\/2122-2\/","title":{"rendered":""},"content":{"rendered":"\n<p><\/p>\n\n\n\n<h2 class=\"wp-block-heading\"><strong>O<\/strong>to chwila dla ciebie<\/h2>\n\n\n\n<h2 class=\"wp-block-heading\">mo\u017cesz by\u0107 wsz\u0119dzie<\/h2>\n\n\n\n<h2 class=\"wp-block-heading\">ale b\u0119dziesz nigdzie<\/h2>\n\n\n\n<h2 class=\"wp-block-heading\">je\u015bli TU nie b\u0119dziesz<\/h2>\n\n\n\n<p><\/p>\n\n\n\n<div style=\"height:183px\" aria-hidden=\"true\" class=\"wp-block-spacer\"><\/div>\n\n\n\n<p class=\"has-text-align-right\"><a href=\"http:\/\/suryn.pl\/index.php\/wiersze-wszystkie\/\">Wszystkie wiersze<\/a><\/p>\n","protected":false},"excerpt":{"rendered":"<p>Oto chwila dla ciebie mo\u017cesz by\u0107 wsz\u0119dzie ale b\u0119dziesz nigdzie je\u015bli TU nie b\u0119dziesz Wszystkie wiersze<\/p>\n","protected":false},"author":1,"featured_media":0,"parent":0,"menu_order":0,"comment_status":"closed","ping_status":"closed","template":"","meta":{"footnotes":""},"class_list":["post-2122","page","type-page","status-publish","hentry"],"_links":{"self":[{"href":"http:\/\/suryn.pl\/index.php\/wp-json\/wp\/v2\/pages\/2122","targetHints":{"allow":["GET"]}}],"collection":[{"href":"http:\/\/suryn.pl\/index.php\/wp-json\/wp\/v2\/pages"}],"about":[{"href":"http:\/\/suryn.pl\/index.php\/wp-json\/wp\/v2\/types\/page"}],"author":[{"embeddable":true,"href":"http:\/\/suryn.pl\/index.php\/wp-json\/wp\/v2\/users\/1"}],"replies":[{"embeddable":true,"href":"http:\/\/suryn.pl\/index.php\/wp-json\/wp\/v2\/comments?post=2122"}],"version-history":[{"count":3,"href":"http:\/\/suryn.pl\/index.php\/wp-json\/wp\/v2\/pages\/2122\/revisions"}],"predecessor-version":[{"id":2641,"href":"http:\/\/suryn.pl\/index.php\/wp-json\/wp\/v2\/pages\/2122\/revisions\/2641"}],"wp:attachment":[{"href":"http:\/\/suryn.pl\/index.php\/wp-json\/wp\/v2\/media?parent=2122"}],"curies":[{"name":"wp","href":"https:\/\/api.w.org\/{rel}","templated":true}]}}