{"id":2113,"date":"2021-10-14T18:07:26","date_gmt":"2021-10-14T16:07:26","guid":{"rendered":"http:\/\/suryn.pl\/?page_id=2113"},"modified":"2021-10-21T18:17:29","modified_gmt":"2021-10-21T16:17:29","slug":"2113-2","status":"publish","type":"page","link":"http:\/\/suryn.pl\/index.php\/2113-2\/","title":{"rendered":""},"content":{"rendered":"\n<p><\/p>\n\n\n\n<p style=\"font-size:24px\"><strong>Ojcu<\/strong><\/p>\n\n\n\n<h2 class=\"wp-block-heading\">teraz <\/h2>\n\n\n\n<h2 class=\"wp-block-heading\">dopiero teraz<\/h2>\n\n\n\n<h2 class=\"wp-block-heading\">ka\u017cdy z nas z wysoko\u015bci swoich ruin<\/h2>\n\n\n\n<h2 class=\"wp-block-heading\">mo\u017cemy milcze\u0107 zrozumiale<\/h2>\n\n\n\n<h2 class=\"wp-block-heading\">pustynia z\u0142udze\u0144 mi\u0119dzy nami<\/h2>\n\n\n\n<h2 class=\"wp-block-heading\">mann\u0105 samotno\u015b\u0107<\/h2>\n\n\n\n<h2 class=\"wp-block-heading\">a B\u00f3g ro\u015bnie jak t\u0119sknota<\/h2>\n\n\n\n<h2 class=\"wp-block-heading\">\u015bni\u0142em, \u017ce schodzimy w dolin\u0119 rado\u015bci<\/h2>\n\n\n\n<h2 class=\"wp-block-heading\">gdzie czekaj\u0105 na nas przygody tysi\u0105cleci<\/h2>\n\n\n\n<h2 class=\"wp-block-heading\">wino niewinne <\/h2>\n\n\n\n<h2 class=\"wp-block-heading\">kobiety uleg\u0142e<\/h2>\n\n\n\n<h2 class=\"wp-block-heading\">i s\u0142awa na trzy powiaty<\/h2>\n\n\n\n<h2 class=\"wp-block-heading\">lecz o \u015bwicie wielki re\u017cyser \u015bwiat\u0142a<\/h2>\n\n\n\n<h2 class=\"wp-block-heading\">przeszy\u0142 mnie w\u0142\u00f3czni\u0105 jawy<\/h2>\n\n\n\n<h2 class=\"wp-block-heading\">ciebie unios\u0142y mg\u0142y<\/h2>\n\n\n\n<h2 class=\"wp-block-heading\">a mnie prawda<\/h2>\n\n\n\n<h2 class=\"wp-block-heading\">o wiele za du\u017ca jak na jedno \u017cycie&nbsp;&nbsp;<\/h2>\n\n\n\n<p><\/p>\n\n\n\n<div style=\"height:500px\" aria-hidden=\"true\" class=\"wp-block-spacer\"><\/div>\n\n\n\n<p class=\"has-text-align-right\"><a href=\"http:\/\/suryn.pl\/index.php\/wiersze-wszystkie\/\">Wszystkie wiersze<\/a><\/p>\n","protected":false},"excerpt":{"rendered":"<p>Ojcu teraz dopiero teraz ka\u017cdy z nas z wysoko\u015bci swoich ruin mo\u017cemy milcze\u0107 zrozumiale pustynia z\u0142udze\u0144 mi\u0119dzy nami mann\u0105 samotno\u015b\u0107 a B\u00f3g ro\u015bnie jak t\u0119sknota \u015bni\u0142em, \u017ce schodzimy w dolin\u0119 rado\u015bci gdzie czekaj\u0105 na nas przygody tysi\u0105cleci wino niewinne kobiety uleg\u0142e i s\u0142awa na trzy powiaty lecz o \u015bwicie wielki re\u017cyser \u015bwiat\u0142a przeszy\u0142 mnie w\u0142\u00f3czni\u0105 jawy ciebie unios\u0142y mg\u0142y a &#8230;<\/p>\n","protected":false},"author":1,"featured_media":0,"parent":0,"menu_order":0,"comment_status":"closed","ping_status":"closed","template":"","meta":{"footnotes":""},"class_list":["post-2113","page","type-page","status-publish","hentry"],"_links":{"self":[{"href":"http:\/\/suryn.pl\/index.php\/wp-json\/wp\/v2\/pages\/2113","targetHints":{"allow":["GET"]}}],"collection":[{"href":"http:\/\/suryn.pl\/index.php\/wp-json\/wp\/v2\/pages"}],"about":[{"href":"http:\/\/suryn.pl\/index.php\/wp-json\/wp\/v2\/types\/page"}],"author":[{"embeddable":true,"href":"http:\/\/suryn.pl\/index.php\/wp-json\/wp\/v2\/users\/1"}],"replies":[{"embeddable":true,"href":"http:\/\/suryn.pl\/index.php\/wp-json\/wp\/v2\/comments?post=2113"}],"version-history":[{"count":6,"href":"http:\/\/suryn.pl\/index.php\/wp-json\/wp\/v2\/pages\/2113\/revisions"}],"predecessor-version":[{"id":2638,"href":"http:\/\/suryn.pl\/index.php\/wp-json\/wp\/v2\/pages\/2113\/revisions\/2638"}],"wp:attachment":[{"href":"http:\/\/suryn.pl\/index.php\/wp-json\/wp\/v2\/media?parent=2113"}],"curies":[{"name":"wp","href":"https:\/\/api.w.org\/{rel}","templated":true}]}}