{"id":2110,"date":"2021-10-14T18:05:57","date_gmt":"2021-10-14T16:05:57","guid":{"rendered":"http:\/\/suryn.pl\/?page_id=2110"},"modified":"2021-10-21T18:14:41","modified_gmt":"2021-10-21T16:14:41","slug":"2110-2","status":"publish","type":"page","link":"http:\/\/suryn.pl\/index.php\/2110-2\/","title":{"rendered":""},"content":{"rendered":"\n<p><\/p>\n\n\n\n<h2 class=\"wp-block-heading\"><strong>O&nbsp;<\/strong>jak\u017ce jestem ci wdzi\u0119czy<\/h2>\n\n\n\n<h2 class=\"wp-block-heading\">oddech mego mistrzu<\/h2>\n\n\n\n<h2 class=\"wp-block-heading\">za to \u017ce przemieniasz mnie<\/h2>\n\n\n\n<h2 class=\"wp-block-heading\">tak \u0142agodnie&nbsp;w siebie<\/h2>\n\n\n\n<p><\/p>\n\n\n\n<div style=\"height:330px\" aria-hidden=\"true\" class=\"wp-block-spacer\"><\/div>\n\n\n\n<p class=\"has-text-align-right\"><a href=\"http:\/\/suryn.pl\/index.php\/wiersze-wszystkie\/\">Wszystkie wiersze<\/a><\/p>\n","protected":false},"excerpt":{"rendered":"<p>O&nbsp;jak\u017ce jestem ci wdzi\u0119czy oddech mego mistrzu za to \u017ce przemieniasz mnie tak \u0142agodnie&nbsp;w siebie Wszystkie wiersze<\/p>\n","protected":false},"author":1,"featured_media":0,"parent":0,"menu_order":0,"comment_status":"closed","ping_status":"closed","template":"","meta":{"footnotes":""},"class_list":["post-2110","page","type-page","status-publish","hentry"],"_links":{"self":[{"href":"http:\/\/suryn.pl\/index.php\/wp-json\/wp\/v2\/pages\/2110","targetHints":{"allow":["GET"]}}],"collection":[{"href":"http:\/\/suryn.pl\/index.php\/wp-json\/wp\/v2\/pages"}],"about":[{"href":"http:\/\/suryn.pl\/index.php\/wp-json\/wp\/v2\/types\/page"}],"author":[{"embeddable":true,"href":"http:\/\/suryn.pl\/index.php\/wp-json\/wp\/v2\/users\/1"}],"replies":[{"embeddable":true,"href":"http:\/\/suryn.pl\/index.php\/wp-json\/wp\/v2\/comments?post=2110"}],"version-history":[{"count":2,"href":"http:\/\/suryn.pl\/index.php\/wp-json\/wp\/v2\/pages\/2110\/revisions"}],"predecessor-version":[{"id":2636,"href":"http:\/\/suryn.pl\/index.php\/wp-json\/wp\/v2\/pages\/2110\/revisions\/2636"}],"wp:attachment":[{"href":"http:\/\/suryn.pl\/index.php\/wp-json\/wp\/v2\/media?parent=2110"}],"curies":[{"name":"wp","href":"https:\/\/api.w.org\/{rel}","templated":true}]}}