{"id":2107,"date":"2021-10-14T18:04:56","date_gmt":"2021-10-14T16:04:56","guid":{"rendered":"http:\/\/suryn.pl\/?page_id=2107"},"modified":"2021-10-21T18:14:10","modified_gmt":"2021-10-21T16:14:10","slug":"2107-2","status":"publish","type":"page","link":"http:\/\/suryn.pl\/index.php\/2107-2\/","title":{"rendered":""},"content":{"rendered":"\n<p><\/p>\n\n\n\n<p style=\"font-size:25px\"><strong>Oczy z lodu<\/strong><\/p>\n\n\n\n<h2 class=\"wp-block-heading\">szare \u2013 siwe \u2013 wilcze<\/h2>\n\n\n\n<h2 class=\"wp-block-heading\">polarne szkie\u0142ka<\/h2>\n\n\n\n<h2 class=\"wp-block-heading\">z wiatru i lodu<\/h2>\n\n\n\n<h2 class=\"wp-block-heading\">patrz\u0105 na mnie<\/h2>\n\n\n\n<h2 class=\"wp-block-heading\">z mro\u017an\u0105 mi\u0142o\u015bci\u0105<\/h2>\n\n\n\n<h2 class=\"wp-block-heading\">piasek osypuje si\u0119<\/h2>\n\n\n\n<h2 class=\"wp-block-heading\">ze sk\u00f3ry <\/h2>\n\n\n\n<h2 class=\"wp-block-heading\">taka jeste\u015b pi\u0119kna <\/h2>\n\n\n\n<h2 class=\"wp-block-heading\">i nietykalna<\/h2>\n\n\n\n<h2 class=\"wp-block-heading\">jak fotografia \u015bwiat\u0142a<\/h2>\n\n\n\n<p><\/p>\n\n\n\n<div style=\"height:330px\" aria-hidden=\"true\" class=\"wp-block-spacer\"><\/div>\n\n\n\n<p class=\"has-text-align-right\"><a href=\"http:\/\/suryn.pl\/index.php\/wiersze-wszystkie\/\">Wszystkie wiersze<\/a><\/p>\n","protected":false},"excerpt":{"rendered":"<p>Oczy z lodu szare \u2013 siwe \u2013 wilcze polarne szkie\u0142ka z wiatru i lodu patrz\u0105 na mnie z mro\u017an\u0105 mi\u0142o\u015bci\u0105 piasek osypuje si\u0119 ze sk\u00f3ry taka jeste\u015b pi\u0119kna i nietykalna jak fotografia \u015bwiat\u0142a Wszystkie wiersze<\/p>\n","protected":false},"author":1,"featured_media":0,"parent":0,"menu_order":0,"comment_status":"closed","ping_status":"closed","template":"","meta":{"footnotes":""},"class_list":["post-2107","page","type-page","status-publish","hentry"],"_links":{"self":[{"href":"http:\/\/suryn.pl\/index.php\/wp-json\/wp\/v2\/pages\/2107","targetHints":{"allow":["GET"]}}],"collection":[{"href":"http:\/\/suryn.pl\/index.php\/wp-json\/wp\/v2\/pages"}],"about":[{"href":"http:\/\/suryn.pl\/index.php\/wp-json\/wp\/v2\/types\/page"}],"author":[{"embeddable":true,"href":"http:\/\/suryn.pl\/index.php\/wp-json\/wp\/v2\/users\/1"}],"replies":[{"embeddable":true,"href":"http:\/\/suryn.pl\/index.php\/wp-json\/wp\/v2\/comments?post=2107"}],"version-history":[{"count":3,"href":"http:\/\/suryn.pl\/index.php\/wp-json\/wp\/v2\/pages\/2107\/revisions"}],"predecessor-version":[{"id":2635,"href":"http:\/\/suryn.pl\/index.php\/wp-json\/wp\/v2\/pages\/2107\/revisions\/2635"}],"wp:attachment":[{"href":"http:\/\/suryn.pl\/index.php\/wp-json\/wp\/v2\/media?parent=2107"}],"curies":[{"name":"wp","href":"https:\/\/api.w.org\/{rel}","templated":true}]}}