{"id":2102,"date":"2021-10-14T18:03:27","date_gmt":"2021-10-14T16:03:27","guid":{"rendered":"http:\/\/suryn.pl\/?page_id=2102"},"modified":"2021-10-21T18:11:28","modified_gmt":"2021-10-21T16:11:28","slug":"2102-2","status":"publish","type":"page","link":"http:\/\/suryn.pl\/index.php\/2102-2\/","title":{"rendered":""},"content":{"rendered":"\n<p><\/p>\n\n\n\n<h2 class=\"wp-block-heading\"><strong>O<\/strong>budzi\u0142em si\u0119 w \u015brodku nocy<\/h2>\n\n\n\n<h2 class=\"wp-block-heading\">z papug\u0105 w sercu&nbsp;<\/h2>\n\n\n\n<h2 class=\"wp-block-heading\">ordynarne zwierz\u0119<\/h2>\n\n\n\n<h2 class=\"wp-block-heading\">w tym \u015bwi\u0119tym miejscu<\/h2>\n\n\n\n<h2 class=\"wp-block-heading\">i ten l\u0119k o reszt\u0119 my\u015bli<\/h2>\n\n\n\n<h2 class=\"wp-block-heading\">i ten b\u00f3l o reszt\u0119 cia\u0142a<\/h2>\n\n\n\n<h2 class=\"wp-block-heading\">gdzie powiniene\u015b by\u0107 cz\u0142owieku<\/h2>\n\n\n\n<h2 class=\"wp-block-heading\">mo\u017ce w Syberiach<\/h2>\n\n\n\n<h2 class=\"wp-block-heading\">lub w biurach astralnych<\/h2>\n\n\n\n<h2 class=\"wp-block-heading\">a mo\u017ce w innym niepokoju<\/h2>\n\n\n\n<h2 class=\"wp-block-heading\">nieprzyjemnie jest budzi\u0107 si\u0119<\/h2>\n\n\n\n<h2 class=\"wp-block-heading\">z papug\u0105 w sercu<\/h2>\n\n\n\n<div style=\"height:425px\" aria-hidden=\"true\" class=\"wp-block-spacer\"><\/div>\n\n\n\n<p class=\"has-text-align-right\"><a href=\"http:\/\/suryn.pl\/index.php\/wiersze-wszystkie\/\">Wszystkie wiersze<\/a><\/p>\n","protected":false},"excerpt":{"rendered":"<p>Obudzi\u0142em si\u0119 w \u015brodku nocy z papug\u0105 w sercu&nbsp; ordynarne zwierz\u0119 w tym \u015bwi\u0119tym miejscu i ten l\u0119k o reszt\u0119 my\u015bli i ten b\u00f3l o reszt\u0119 cia\u0142a gdzie powiniene\u015b by\u0107 cz\u0142owieku mo\u017ce w Syberiach lub w biurach astralnych a mo\u017ce w innym niepokoju nieprzyjemnie jest budzi\u0107 si\u0119 z papug\u0105 w sercu Wszystkie wiersze<\/p>\n","protected":false},"author":1,"featured_media":0,"parent":0,"menu_order":0,"comment_status":"closed","ping_status":"closed","template":"","meta":{"footnotes":""},"class_list":["post-2102","page","type-page","status-publish","hentry"],"_links":{"self":[{"href":"http:\/\/suryn.pl\/index.php\/wp-json\/wp\/v2\/pages\/2102","targetHints":{"allow":["GET"]}}],"collection":[{"href":"http:\/\/suryn.pl\/index.php\/wp-json\/wp\/v2\/pages"}],"about":[{"href":"http:\/\/suryn.pl\/index.php\/wp-json\/wp\/v2\/types\/page"}],"author":[{"embeddable":true,"href":"http:\/\/suryn.pl\/index.php\/wp-json\/wp\/v2\/users\/1"}],"replies":[{"embeddable":true,"href":"http:\/\/suryn.pl\/index.php\/wp-json\/wp\/v2\/comments?post=2102"}],"version-history":[{"count":3,"href":"http:\/\/suryn.pl\/index.php\/wp-json\/wp\/v2\/pages\/2102\/revisions"}],"predecessor-version":[{"id":2633,"href":"http:\/\/suryn.pl\/index.php\/wp-json\/wp\/v2\/pages\/2102\/revisions\/2633"}],"wp:attachment":[{"href":"http:\/\/suryn.pl\/index.php\/wp-json\/wp\/v2\/media?parent=2102"}],"curies":[{"name":"wp","href":"https:\/\/api.w.org\/{rel}","templated":true}]}}