{"id":2091,"date":"2021-10-14T17:59:27","date_gmt":"2021-10-14T15:59:27","guid":{"rendered":"http:\/\/suryn.pl\/?page_id=2091"},"modified":"2021-10-21T18:04:35","modified_gmt":"2021-10-21T16:04:35","slug":"2091-2","status":"publish","type":"page","link":"http:\/\/suryn.pl\/index.php\/2091-2\/","title":{"rendered":""},"content":{"rendered":"\n<p><\/p>\n\n\n\n<p style=\"font-size:24px\"><strong>Obraz<\/strong><\/p>\n\n\n\n<p><em>Jasiowi R.<\/em><\/p>\n\n\n\n<p><\/p>\n\n\n\n<h2 class=\"wp-block-heading\">powiedzia\u0142, \u017ce mury<\/h2>\n\n\n\n<h2 class=\"wp-block-heading\">nagrza\u0142y si\u0119 przez lato<\/h2>\n\n\n\n<h2 class=\"wp-block-heading\">i dlatego<\/h2>\n\n\n\n<h2 class=\"wp-block-heading\">chocia\u017c za oknem pa\u017adziernik<\/h2>\n\n\n\n<h2 class=\"wp-block-heading\">w domu jest ca\u0142kiem zno\u015bnie<\/h2>\n\n\n\n<h2 class=\"wp-block-heading\">i m\u00f3wi\u0142 co\u015b jeszcze<\/h2>\n\n\n\n<h2 class=\"wp-block-heading\">ale us\u0142ysza\u0142em \u017curawie<\/h2>\n\n\n\n<h2 class=\"wp-block-heading\">wybieg\u0142em na \u0142\u0105k\u0119<\/h2>\n\n\n\n<h2 class=\"wp-block-heading\">wszystko by\u0142o powleczone z\u0142otem<\/h2>\n\n\n\n<h2 class=\"wp-block-heading\">i czerwieni\u0105<\/h2>\n\n\n\n<p><\/p>\n\n\n\n<div style=\"height:404px\" aria-hidden=\"true\" class=\"wp-block-spacer\"><\/div>\n\n\n\n<p class=\"has-text-align-right\"><a href=\"http:\/\/suryn.pl\/index.php\/wiersze-wszystkie\/\">Wszystkie wiersze<\/a><\/p>\n","protected":false},"excerpt":{"rendered":"<p>Obraz Jasiowi R. powiedzia\u0142, \u017ce mury nagrza\u0142y si\u0119 przez lato i dlatego chocia\u017c za oknem pa\u017adziernik w domu jest ca\u0142kiem zno\u015bnie i m\u00f3wi\u0142 co\u015b jeszcze ale us\u0142ysza\u0142em \u017curawie wybieg\u0142em na \u0142\u0105k\u0119 wszystko by\u0142o powleczone z\u0142otem i czerwieni\u0105 Wszystkie wiersze<\/p>\n","protected":false},"author":1,"featured_media":0,"parent":0,"menu_order":0,"comment_status":"closed","ping_status":"closed","template":"","meta":{"footnotes":""},"class_list":["post-2091","page","type-page","status-publish","hentry"],"_links":{"self":[{"href":"http:\/\/suryn.pl\/index.php\/wp-json\/wp\/v2\/pages\/2091","targetHints":{"allow":["GET"]}}],"collection":[{"href":"http:\/\/suryn.pl\/index.php\/wp-json\/wp\/v2\/pages"}],"about":[{"href":"http:\/\/suryn.pl\/index.php\/wp-json\/wp\/v2\/types\/page"}],"author":[{"embeddable":true,"href":"http:\/\/suryn.pl\/index.php\/wp-json\/wp\/v2\/users\/1"}],"replies":[{"embeddable":true,"href":"http:\/\/suryn.pl\/index.php\/wp-json\/wp\/v2\/comments?post=2091"}],"version-history":[{"count":3,"href":"http:\/\/suryn.pl\/index.php\/wp-json\/wp\/v2\/pages\/2091\/revisions"}],"predecessor-version":[{"id":2630,"href":"http:\/\/suryn.pl\/index.php\/wp-json\/wp\/v2\/pages\/2091\/revisions\/2630"}],"wp:attachment":[{"href":"http:\/\/suryn.pl\/index.php\/wp-json\/wp\/v2\/media?parent=2091"}],"curies":[{"name":"wp","href":"https:\/\/api.w.org\/{rel}","templated":true}]}}