{"id":2088,"date":"2021-10-14T17:58:14","date_gmt":"2021-10-14T15:58:14","guid":{"rendered":"http:\/\/suryn.pl\/?page_id=2088"},"modified":"2021-10-21T17:28:25","modified_gmt":"2021-10-21T15:28:25","slug":"2088-2","status":"publish","type":"page","link":"http:\/\/suryn.pl\/index.php\/2088-2\/","title":{"rendered":""},"content":{"rendered":"\n<p><\/p>\n\n\n\n<h2 class=\"wp-block-heading\"><strong>N<\/strong>ie liczcie moich pomy\u0142ek<\/h2>\n\n\n\n<h2 class=\"wp-block-heading\">nie ufajcie mojemu cierpieniu<\/h2>\n\n\n\n<h2 class=\"wp-block-heading\">nie wszystkie s\u0142owa warte pami\u0119ci<\/h2>\n\n\n\n<h2 class=\"wp-block-heading\">lecz nie w\u0105tpcie<\/h2>\n\n\n\n<h2 class=\"wp-block-heading\">w moj\u0105 i swoj\u0105 bosko\u015b\u0107<\/h2>\n\n\n\n<h2 class=\"wp-block-heading\">o kt\u00f3rej jeszcze nie mamy<\/h2>\n\n\n\n<h2 class=\"wp-block-heading\">\u017cadnego poj\u0119cia<\/h2>\n\n\n\n<div style=\"height:321px\" aria-hidden=\"true\" class=\"wp-block-spacer\"><\/div>\n\n\n\n<p class=\"has-text-align-right\"><a href=\"http:\/\/suryn.pl\/index.php\/wiersze-wszystkie\/\">Wszystkie wiersze<\/a><\/p>\n","protected":false},"excerpt":{"rendered":"<p>Nie liczcie moich pomy\u0142ek nie ufajcie mojemu cierpieniu nie wszystkie s\u0142owa warte pami\u0119ci lecz nie w\u0105tpcie w moj\u0105 i swoj\u0105 bosko\u015b\u0107 o kt\u00f3rej jeszcze nie mamy \u017cadnego poj\u0119cia Wszystkie wiersze<\/p>\n","protected":false},"author":1,"featured_media":0,"parent":0,"menu_order":0,"comment_status":"closed","ping_status":"closed","template":"","meta":{"footnotes":""},"class_list":["post-2088","page","type-page","status-publish","hentry"],"_links":{"self":[{"href":"http:\/\/suryn.pl\/index.php\/wp-json\/wp\/v2\/pages\/2088","targetHints":{"allow":["GET"]}}],"collection":[{"href":"http:\/\/suryn.pl\/index.php\/wp-json\/wp\/v2\/pages"}],"about":[{"href":"http:\/\/suryn.pl\/index.php\/wp-json\/wp\/v2\/types\/page"}],"author":[{"embeddable":true,"href":"http:\/\/suryn.pl\/index.php\/wp-json\/wp\/v2\/users\/1"}],"replies":[{"embeddable":true,"href":"http:\/\/suryn.pl\/index.php\/wp-json\/wp\/v2\/comments?post=2088"}],"version-history":[{"count":2,"href":"http:\/\/suryn.pl\/index.php\/wp-json\/wp\/v2\/pages\/2088\/revisions"}],"predecessor-version":[{"id":2629,"href":"http:\/\/suryn.pl\/index.php\/wp-json\/wp\/v2\/pages\/2088\/revisions\/2629"}],"wp:attachment":[{"href":"http:\/\/suryn.pl\/index.php\/wp-json\/wp\/v2\/media?parent=2088"}],"curies":[{"name":"wp","href":"https:\/\/api.w.org\/{rel}","templated":true}]}}