{"id":2085,"date":"2021-10-14T17:56:50","date_gmt":"2021-10-14T15:56:50","guid":{"rendered":"http:\/\/suryn.pl\/?page_id=2085"},"modified":"2021-10-21T17:27:57","modified_gmt":"2021-10-21T15:27:57","slug":"2085-2","status":"publish","type":"page","link":"http:\/\/suryn.pl\/index.php\/2085-2\/","title":{"rendered":""},"content":{"rendered":"\n<p><\/p>\n\n\n\n<p style=\"font-size:24px\"><strong>Nie b\u00f3j si\u0119<\/strong><\/p>\n\n\n\n<h2 class=\"wp-block-heading\">cokolwiek by si\u0119 nie dzia\u0142o<\/h2>\n\n\n\n<h2 class=\"wp-block-heading\">tancerz i taniec to jedno<\/h2>\n\n\n\n<h2 class=\"wp-block-heading\">jest szpara mi\u0119dzy niemo\u017cliwym<\/h2>\n\n\n\n<h2 class=\"wp-block-heading\">a niemo\u017cliwym<\/h2>\n\n\n\n<h2 class=\"wp-block-heading\">przez kt\u00f3r\u0105 ku nam sp\u0142ywa<\/h2>\n\n\n\n<h2 class=\"wp-block-heading\">\u015bwiat\u0142o prawdziwe<\/h2>\n\n\n\n<div style=\"height:321px\" aria-hidden=\"true\" class=\"wp-block-spacer\"><\/div>\n\n\n\n<p class=\"has-text-align-right\"><a href=\"http:\/\/suryn.pl\/index.php\/wiersze-wszystkie\/\">Wszystkie wiersze<\/a><\/p>\n","protected":false},"excerpt":{"rendered":"<p>Nie b\u00f3j si\u0119 cokolwiek by si\u0119 nie dzia\u0142o tancerz i taniec to jedno jest szpara mi\u0119dzy niemo\u017cliwym a niemo\u017cliwym przez kt\u00f3r\u0105 ku nam sp\u0142ywa \u015bwiat\u0142o prawdziwe Wszystkie wiersze<\/p>\n","protected":false},"author":1,"featured_media":0,"parent":0,"menu_order":0,"comment_status":"closed","ping_status":"closed","template":"","meta":{"footnotes":""},"class_list":["post-2085","page","type-page","status-publish","hentry"],"_links":{"self":[{"href":"http:\/\/suryn.pl\/index.php\/wp-json\/wp\/v2\/pages\/2085","targetHints":{"allow":["GET"]}}],"collection":[{"href":"http:\/\/suryn.pl\/index.php\/wp-json\/wp\/v2\/pages"}],"about":[{"href":"http:\/\/suryn.pl\/index.php\/wp-json\/wp\/v2\/types\/page"}],"author":[{"embeddable":true,"href":"http:\/\/suryn.pl\/index.php\/wp-json\/wp\/v2\/users\/1"}],"replies":[{"embeddable":true,"href":"http:\/\/suryn.pl\/index.php\/wp-json\/wp\/v2\/comments?post=2085"}],"version-history":[{"count":2,"href":"http:\/\/suryn.pl\/index.php\/wp-json\/wp\/v2\/pages\/2085\/revisions"}],"predecessor-version":[{"id":2628,"href":"http:\/\/suryn.pl\/index.php\/wp-json\/wp\/v2\/pages\/2085\/revisions\/2628"}],"wp:attachment":[{"href":"http:\/\/suryn.pl\/index.php\/wp-json\/wp\/v2\/media?parent=2085"}],"curies":[{"name":"wp","href":"https:\/\/api.w.org\/{rel}","templated":true}]}}