{"id":2076,"date":"2021-10-14T17:54:27","date_gmt":"2021-10-14T15:54:27","guid":{"rendered":"http:\/\/suryn.pl\/?page_id=2076"},"modified":"2022-06-02T11:26:54","modified_gmt":"2022-06-02T09:26:54","slug":"2076-2","status":"publish","type":"page","link":"http:\/\/suryn.pl\/index.php\/2076-2\/","title":{"rendered":""},"content":{"rendered":"\n<p><\/p>\n\n\n\n<p style=\"font-size:24px\"><strong>Na przyj\u015bcie<\/strong><\/p>\n\n\n\n<h2 class=\"wp-block-heading\">to si\u0119 sta\u0107 mo\u017ce<\/h2>\n\n\n\n<h2 class=\"wp-block-heading\">w ka\u017cdej chwili<\/h2>\n\n\n\n<h2 class=\"wp-block-heading\">granatowy anio\u0142<\/h2>\n\n\n\n<h2 class=\"wp-block-heading\">sp\u0142ynie na chodnik<\/h2>\n\n\n\n<h2 class=\"wp-block-heading\">d\u017awi\u0119k harfy<\/h2>\n\n\n\n<h2 class=\"wp-block-heading\">zatrzyma ludzi i samochody<\/h2>\n\n\n\n<h2 class=\"wp-block-heading\">mi\u0119dzy nami \u2013 \u015bwiat\u0142o<\/h2>\n\n\n\n<h2 class=\"wp-block-heading\">zap\u0142on\u0105 szyby i \u015bciany<\/h2>\n\n\n\n<h2 class=\"wp-block-heading\">odt\u0105d nie musisz wybiera\u0107<\/h2>\n\n\n\n<h2 class=\"wp-block-heading\">zosta\u0142e\u015b wybrany<\/h2>\n\n\n\n<p><\/p>\n\n\n\n<div style=\"height:425px\" aria-hidden=\"true\" class=\"wp-block-spacer\"><\/div>\n\n\n\n<p class=\"has-text-align-right\"><a href=\"http:\/\/suryn.pl\/index.php\/wiersze-wszystkie\/\">Wszystkie wiersze<\/a><\/p>\n","protected":false},"excerpt":{"rendered":"<p>Na przyj\u015bcie to si\u0119 sta\u0107 mo\u017ce w ka\u017cdej chwili granatowy anio\u0142 sp\u0142ynie na chodnik d\u017awi\u0119k harfy zatrzyma ludzi i samochody mi\u0119dzy nami \u2013 \u015bwiat\u0142o zap\u0142on\u0105 szyby i \u015bciany odt\u0105d nie musisz wybiera\u0107 zosta\u0142e\u015b wybrany Wszystkie wiersze<\/p>\n","protected":false},"author":1,"featured_media":0,"parent":0,"menu_order":0,"comment_status":"closed","ping_status":"closed","template":"","meta":{"footnotes":""},"class_list":["post-2076","page","type-page","status-publish","hentry"],"_links":{"self":[{"href":"http:\/\/suryn.pl\/index.php\/wp-json\/wp\/v2\/pages\/2076","targetHints":{"allow":["GET"]}}],"collection":[{"href":"http:\/\/suryn.pl\/index.php\/wp-json\/wp\/v2\/pages"}],"about":[{"href":"http:\/\/suryn.pl\/index.php\/wp-json\/wp\/v2\/types\/page"}],"author":[{"embeddable":true,"href":"http:\/\/suryn.pl\/index.php\/wp-json\/wp\/v2\/users\/1"}],"replies":[{"embeddable":true,"href":"http:\/\/suryn.pl\/index.php\/wp-json\/wp\/v2\/comments?post=2076"}],"version-history":[{"count":5,"href":"http:\/\/suryn.pl\/index.php\/wp-json\/wp\/v2\/pages\/2076\/revisions"}],"predecessor-version":[{"id":3025,"href":"http:\/\/suryn.pl\/index.php\/wp-json\/wp\/v2\/pages\/2076\/revisions\/3025"}],"wp:attachment":[{"href":"http:\/\/suryn.pl\/index.php\/wp-json\/wp\/v2\/media?parent=2076"}],"curies":[{"name":"wp","href":"https:\/\/api.w.org\/{rel}","templated":true}]}}