{"id":2066,"date":"2021-10-14T17:48:28","date_gmt":"2021-10-14T15:48:28","guid":{"rendered":"http:\/\/suryn.pl\/?page_id=2066"},"modified":"2021-10-21T17:24:03","modified_gmt":"2021-10-21T15:24:03","slug":"2066-2","status":"publish","type":"page","link":"http:\/\/suryn.pl\/index.php\/2066-2\/","title":{"rendered":""},"content":{"rendered":"\n<p><\/p>\n\n\n\n<h2 class=\"wp-block-heading\"><strong>N<\/strong>a pocz\u0105tku by\u0142o<\/h2>\n\n\n\n<h2 class=\"wp-block-heading\">S\u0142owo<\/h2>\n\n\n\n<h2 class=\"wp-block-heading\">teraz jest wsz\u0119dzie<\/h2>\n\n\n\n<h2 class=\"wp-block-heading\">i je\u015bli siebie zapomnisz<\/h2>\n\n\n\n<h2 class=\"wp-block-heading\">S\u0142owo przypomnisz<\/h2>\n\n\n\n<p><\/p>\n\n\n\n<div style=\"height:275px\" aria-hidden=\"true\" class=\"wp-block-spacer\"><\/div>\n\n\n\n<p class=\"has-text-align-right\"><a href=\"http:\/\/suryn.pl\/index.php\/wiersze-wszystkie\/\">Wszystkie wiersze<\/a><\/p>\n","protected":false},"excerpt":{"rendered":"<p>Na pocz\u0105tku by\u0142o S\u0142owo teraz jest wsz\u0119dzie i je\u015bli siebie zapomnisz S\u0142owo przypomnisz Wszystkie wiersze<\/p>\n","protected":false},"author":1,"featured_media":0,"parent":0,"menu_order":0,"comment_status":"closed","ping_status":"closed","template":"","meta":{"footnotes":""},"class_list":["post-2066","page","type-page","status-publish","hentry"],"_links":{"self":[{"href":"http:\/\/suryn.pl\/index.php\/wp-json\/wp\/v2\/pages\/2066","targetHints":{"allow":["GET"]}}],"collection":[{"href":"http:\/\/suryn.pl\/index.php\/wp-json\/wp\/v2\/pages"}],"about":[{"href":"http:\/\/suryn.pl\/index.php\/wp-json\/wp\/v2\/types\/page"}],"author":[{"embeddable":true,"href":"http:\/\/suryn.pl\/index.php\/wp-json\/wp\/v2\/users\/1"}],"replies":[{"embeddable":true,"href":"http:\/\/suryn.pl\/index.php\/wp-json\/wp\/v2\/comments?post=2066"}],"version-history":[{"count":2,"href":"http:\/\/suryn.pl\/index.php\/wp-json\/wp\/v2\/pages\/2066\/revisions"}],"predecessor-version":[{"id":2623,"href":"http:\/\/suryn.pl\/index.php\/wp-json\/wp\/v2\/pages\/2066\/revisions\/2623"}],"wp:attachment":[{"href":"http:\/\/suryn.pl\/index.php\/wp-json\/wp\/v2\/media?parent=2066"}],"curies":[{"name":"wp","href":"https:\/\/api.w.org\/{rel}","templated":true}]}}