{"id":2057,"date":"2021-10-14T17:45:12","date_gmt":"2021-10-14T15:45:12","guid":{"rendered":"http:\/\/suryn.pl\/?page_id=2057"},"modified":"2021-10-21T17:19:40","modified_gmt":"2021-10-21T15:19:40","slug":"2057-2","status":"publish","type":"page","link":"http:\/\/suryn.pl\/index.php\/2057-2\/","title":{"rendered":""},"content":{"rendered":"\n<p><\/p>\n\n\n\n<h2 class=\"wp-block-heading\"><strong>N<\/strong>agi \u015bpiew na nagich<\/h2>\n\n\n\n<h2 class=\"wp-block-heading\">wzg\u00f3rzach<\/h2>\n\n\n\n<h2 class=\"wp-block-heading\">to przezroczysta t\u0119sknota<\/h2>\n\n\n\n<h2 class=\"wp-block-heading\">i rajska pami\u0119\u0107<\/h2>\n\n\n\n<h2 class=\"wp-block-heading\">cz\u0142owiek i zwierz<\/h2>\n\n\n\n<h2 class=\"wp-block-heading\">\u0142aska i stworzenie &#8211;<\/h2>\n\n\n\n<h2 class=\"wp-block-heading\">r\u00f3b swoje<\/h2>\n\n\n\n<h2 class=\"wp-block-heading\">i ufaj <\/h2>\n\n\n\n<h2 class=\"wp-block-heading\">jak potrafisz najmocniej<\/h2>\n\n\n\n<p><\/p>\n\n\n\n<div style=\"height:449px\" aria-hidden=\"true\" class=\"wp-block-spacer\"><\/div>\n\n\n\n<p class=\"has-text-align-right\"><a href=\"http:\/\/suryn.pl\/index.php\/wiersze-wszystkie\/\">Wszystkie wiersze<\/a><\/p>\n","protected":false},"excerpt":{"rendered":"<p>Nagi \u015bpiew na nagich wzg\u00f3rzach to przezroczysta t\u0119sknota i rajska pami\u0119\u0107 cz\u0142owiek i zwierz \u0142aska i stworzenie &#8211; r\u00f3b swoje i ufaj jak potrafisz najmocniej Wszystkie wiersze<\/p>\n","protected":false},"author":1,"featured_media":0,"parent":0,"menu_order":0,"comment_status":"closed","ping_status":"closed","template":"","meta":{"footnotes":""},"class_list":["post-2057","page","type-page","status-publish","hentry"],"_links":{"self":[{"href":"http:\/\/suryn.pl\/index.php\/wp-json\/wp\/v2\/pages\/2057","targetHints":{"allow":["GET"]}}],"collection":[{"href":"http:\/\/suryn.pl\/index.php\/wp-json\/wp\/v2\/pages"}],"about":[{"href":"http:\/\/suryn.pl\/index.php\/wp-json\/wp\/v2\/types\/page"}],"author":[{"embeddable":true,"href":"http:\/\/suryn.pl\/index.php\/wp-json\/wp\/v2\/users\/1"}],"replies":[{"embeddable":true,"href":"http:\/\/suryn.pl\/index.php\/wp-json\/wp\/v2\/comments?post=2057"}],"version-history":[{"count":2,"href":"http:\/\/suryn.pl\/index.php\/wp-json\/wp\/v2\/pages\/2057\/revisions"}],"predecessor-version":[{"id":2617,"href":"http:\/\/suryn.pl\/index.php\/wp-json\/wp\/v2\/pages\/2057\/revisions\/2617"}],"wp:attachment":[{"href":"http:\/\/suryn.pl\/index.php\/wp-json\/wp\/v2\/media?parent=2057"}],"curies":[{"name":"wp","href":"https:\/\/api.w.org\/{rel}","templated":true}]}}