{"id":2051,"date":"2021-10-14T17:22:24","date_gmt":"2021-10-14T15:22:24","guid":{"rendered":"http:\/\/suryn.pl\/?page_id=2051"},"modified":"2021-10-23T09:17:25","modified_gmt":"2021-10-23T07:17:25","slug":"2051-2","status":"publish","type":"page","link":"http:\/\/suryn.pl\/index.php\/2051-2\/","title":{"rendered":""},"content":{"rendered":"\n<p><\/p>\n\n\n\n<p style=\"font-size:24px\"><strong>N<\/strong><strong>adzieja<\/strong><\/p>\n\n\n\n<h2 class=\"wp-block-heading\">dnie polane miodem<\/h2>\n\n\n\n<h2 class=\"wp-block-heading\">s\u0142o\u0144ce na wielk\u0105 zgod\u0119<\/h2>\n\n\n\n<h2 class=\"wp-block-heading\">lipca i sierpnia<\/h2>\n\n\n\n<h2 class=\"wp-block-heading\">drzewa jak rze\u017aby w po\u0142udnie<\/h2>\n\n\n\n<h2 class=\"wp-block-heading\">zapatrzenie i zadziwienie<\/h2>\n\n\n\n<h2 class=\"wp-block-heading\">a mi\u0142o\u015b\u0107 \u0142opoce na niebie&nbsp;<\/h2>\n\n\n\n<h2 class=\"wp-block-heading\">wi\u0119c tanio sprzedaj\u0119 m\u00f3j smutek<\/h2>\n\n\n\n<h2 class=\"wp-block-heading\">i modl\u0119 si\u0119 o znak<\/h2>\n\n\n\n<h2 class=\"wp-block-heading\">k\u0142aniam si\u0119 \u015bwi\u0119tej trawie<\/h2>\n\n\n\n<h2 class=\"wp-block-heading\">i sw\u00f3j sznur do nieba<\/h2>\n\n\n\n<h2 class=\"wp-block-heading\">plot\u0119 z wiary, nadziei i mi\u0142o\u015bci<\/h2>\n\n\n\n<div style=\"height:453px\" aria-hidden=\"true\" class=\"wp-block-spacer\"><\/div>\n\n\n\n<p class=\"has-text-align-right\"><a href=\"http:\/\/suryn.pl\/index.php\/wiersze-wszystkie\/\">Wszystkie wiersze<\/a><\/p>\n","protected":false},"excerpt":{"rendered":"<p>Nadzieja dnie polane miodem s\u0142o\u0144ce na wielk\u0105 zgod\u0119 lipca i sierpnia drzewa jak rze\u017aby w po\u0142udnie zapatrzenie i zadziwienie a mi\u0142o\u015b\u0107 \u0142opoce na niebie&nbsp; wi\u0119c tanio sprzedaj\u0119 m\u00f3j smutek i modl\u0119 si\u0119 o znak k\u0142aniam si\u0119 \u015bwi\u0119tej trawie i sw\u00f3j sznur do nieba plot\u0119 z wiary, nadziei i mi\u0142o\u015bci Wszystkie wiersze<\/p>\n","protected":false},"author":1,"featured_media":0,"parent":0,"menu_order":0,"comment_status":"closed","ping_status":"closed","template":"","meta":{"footnotes":""},"class_list":["post-2051","page","type-page","status-publish","hentry"],"_links":{"self":[{"href":"http:\/\/suryn.pl\/index.php\/wp-json\/wp\/v2\/pages\/2051","targetHints":{"allow":["GET"]}}],"collection":[{"href":"http:\/\/suryn.pl\/index.php\/wp-json\/wp\/v2\/pages"}],"about":[{"href":"http:\/\/suryn.pl\/index.php\/wp-json\/wp\/v2\/types\/page"}],"author":[{"embeddable":true,"href":"http:\/\/suryn.pl\/index.php\/wp-json\/wp\/v2\/users\/1"}],"replies":[{"embeddable":true,"href":"http:\/\/suryn.pl\/index.php\/wp-json\/wp\/v2\/comments?post=2051"}],"version-history":[{"count":3,"href":"http:\/\/suryn.pl\/index.php\/wp-json\/wp\/v2\/pages\/2051\/revisions"}],"predecessor-version":[{"id":2616,"href":"http:\/\/suryn.pl\/index.php\/wp-json\/wp\/v2\/pages\/2051\/revisions\/2616"}],"wp:attachment":[{"href":"http:\/\/suryn.pl\/index.php\/wp-json\/wp\/v2\/media?parent=2051"}],"curies":[{"name":"wp","href":"https:\/\/api.w.org\/{rel}","templated":true}]}}